{"id":1062,"date":"2019-01-18T17:24:28","date_gmt":"2019-01-18T17:24:28","guid":{"rendered":"http:\/\/hacienda-messanges.com\/?page_id=1062"},"modified":"2025-11-14T12:54:21","modified_gmt":"2025-11-14T12:54:21","slug":"rent-the-house","status":"publish","type":"page","link":"https:\/\/hacienda-messanges.com\/en\/rent-the-house\/","title":{"rendered":"Rent the house"},"content":{"rendered":"<div data-elementor-type=\"wp-page\" data-elementor-id=\"1062\" class=\"elementor elementor-1062\" data-elementor-post-type=\"page\">\n\t\t\t\t\t\t<section class=\"elementor-section elementor-top-section elementor-element elementor-element-7e65f535 elementor-section-boxed elementor-section-height-default elementor-section-height-default\" data-id=\"7e65f535\" data-element_type=\"section\" data-settings=\"{&quot;background_background&quot;:&quot;classic&quot;}\">\n\t\t\t\t\t\t\t<div class=\"elementor-background-overlay\"><\/div>\n\t\t\t\t\t\t\t<div class=\"elementor-container elementor-column-gap-no\">\n\t\t\t\t\t<div class=\"elementor-column elementor-col-50 elementor-top-column elementor-element elementor-element-57e0368\" data-id=\"57e0368\" data-element_type=\"column\">\n\t\t\t<div class=\"elementor-widget-wrap elementor-element-populated\">\n\t\t\t\t\t\t<div class=\"elementor-element elementor-element-683f031a elementor-widget elementor-widget-spacer\" data-id=\"683f031a\" data-element_type=\"widget\" data-widget_type=\"spacer.default\">\n\t\t\t\t<div class=\"elementor-widget-container\">\n\t\t\t\t\t\t\t<div class=\"elementor-spacer\">\n\t\t\t<div class=\"elementor-spacer-inner\"><\/div>\n\t\t<\/div>\n\t\t\t\t\t\t<\/div>\n\t\t\t\t<\/div>\n\t\t\t\t<div class=\"elementor-element elementor-element-70d90ea8 elementor-widget__width-initial elementor-absolute elementor-widget-tablet__width-initial elementor-hidden-phone elementor-widget elementor-widget-image\" data-id=\"70d90ea8\" data-element_type=\"widget\" data-settings=\"{&quot;_position&quot;:&quot;absolute&quot;}\" data-widget_type=\"image.default\">\n\t\t\t\t<div class=\"elementor-widget-container\">\n\t\t\t\t\t\t\t\t\t\t\t\t\t\t\t\t<a href=\"https:\/\/hacienda-messanges.com\/wp-content\/uploads\/2019\/01\/1508578287273.jpg\" data-elementor-open-lightbox=\"yes\" data-elementor-lightbox-title=\"La piscine au lev\u00e9 du jour\" data-e-action-hash=\"#elementor-action%3Aaction%3Dlightbox%26settings%3DeyJpZCI6MTE2MiwidXJsIjoiaHR0cHM6XC9cL2hhY2llbmRhLW1lc3Nhbmdlcy5jb21cL3dwLWNvbnRlbnRcL3VwbG9hZHNcLzIwMTlcLzAxXC8xNTA4NTc4Mjg3MjczLmpwZyJ9\">\n\t\t\t\t\t\t\t<img fetchpriority=\"high\" decoding=\"async\" width=\"800\" height=\"450\" src=\"https:\/\/hacienda-messanges.com\/wp-content\/uploads\/2019\/01\/1508578287273-1024x576.jpg\" class=\"attachment-large size-large wp-image-1162\" alt=\"swimming pool guest house\" srcset=\"https:\/\/hacienda-messanges.com\/wp-content\/uploads\/2019\/01\/1508578287273-1024x576.jpg 1024w, https:\/\/hacienda-messanges.com\/wp-content\/uploads\/2019\/01\/1508578287273-300x169.jpg 300w, https:\/\/hacienda-messanges.com\/wp-content\/uploads\/2019\/01\/1508578287273-768x432.jpg 768w\" sizes=\"(max-width: 800px) 100vw, 800px\" \/>\t\t\t\t\t\t\t\t<\/a>\n\t\t\t\t\t\t\t\t\t\t\t\t\t\t\t<\/div>\n\t\t\t\t<\/div>\n\t\t\t\t<div class=\"elementor-element elementor-element-3490a997 elementor-absolute elementor-widget elementor-widget-heading\" data-id=\"3490a997\" data-element_type=\"widget\" data-settings=\"{&quot;_position&quot;:&quot;absolute&quot;}\" data-widget_type=\"heading.default\">\n\t\t\t\t<div class=\"elementor-widget-container\">\n\t\t\t\t\t<h1 class=\"elementor-heading-title elementor-size-default\">The house is designed to make you feel at home...<\/h1>\t\t\t\t<\/div>\n\t\t\t\t<\/div>\n\t\t\t\t<div class=\"elementor-element elementor-element-12ab8ecc elementor-absolute elementor-widget__width-initial elementor-widget elementor-widget-heading\" data-id=\"12ab8ecc\" data-element_type=\"widget\" data-settings=\"{&quot;_position&quot;:&quot;absolute&quot;}\" data-widget_type=\"heading.default\">\n\t\t\t\t<div class=\"elementor-widget-container\">\n\t\t\t\t\t<h1 class=\"elementor-heading-title elementor-size-default\">Retro decor recalls our precious childhood memories and gives the impression of being on holiday in our grandparents' house.<\/h1>\t\t\t\t<\/div>\n\t\t\t\t<\/div>\n\t\t\t\t<div class=\"elementor-element elementor-element-377ec2d2 elementor-widget__width-initial elementor-absolute elementor-hidden-phone elementor-widget elementor-widget-image\" data-id=\"377ec2d2\" data-element_type=\"widget\" data-settings=\"{&quot;_position&quot;:&quot;absolute&quot;}\" data-widget_type=\"image.default\">\n\t\t\t\t<div class=\"elementor-widget-container\">\n\t\t\t\t\t\t\t\t\t\t\t\t\t\t\t\t<a href=\"https:\/\/hacienda-messanges.com\/wp-content\/uploads\/2018\/06\/Hacienda-27.jpg\" data-elementor-open-lightbox=\"yes\" data-elementor-lightbox-title=\"[:en]se retrouver autour de la piscine[:fr]Se retrouver autour de la piscine[:es]se retrouver autour de la piscine[:]\" data-e-action-hash=\"#elementor-action%3Aaction%3Dlightbox%26settings%3DeyJpZCI6MTMzMCwidXJsIjoiaHR0cHM6XC9cL2hhY2llbmRhLW1lc3Nhbmdlcy5jb21cL3dwLWNvbnRlbnRcL3VwbG9hZHNcLzIwMThcLzA2XC9IYWNpZW5kYS0yNy5qcGcifQ%3D%3D\">\n\t\t\t\t\t\t\t<img decoding=\"async\" width=\"800\" height=\"534\" src=\"https:\/\/hacienda-messanges.com\/wp-content\/uploads\/2018\/06\/Hacienda-27-1024x683.jpg\" class=\"attachment-large size-large wp-image-1330\" alt=\"events\" srcset=\"https:\/\/hacienda-messanges.com\/wp-content\/uploads\/2018\/06\/Hacienda-27-1024x683.jpg 1024w, https:\/\/hacienda-messanges.com\/wp-content\/uploads\/2018\/06\/Hacienda-27-300x200.jpg 300w, https:\/\/hacienda-messanges.com\/wp-content\/uploads\/2018\/06\/Hacienda-27-768x512.jpg 768w\" sizes=\"(max-width: 800px) 100vw, 800px\" \/>\t\t\t\t\t\t\t\t<\/a>\n\t\t\t\t\t\t\t\t\t\t\t\t\t\t\t<\/div>\n\t\t\t\t<\/div>\n\t\t\t\t<div class=\"elementor-element elementor-element-5d82ae05 elementor-widget__width-initial elementor-absolute elementor-widget-mobile__width-initial elementor-widget elementor-widget-image\" data-id=\"5d82ae05\" data-element_type=\"widget\" data-settings=\"{&quot;_position&quot;:&quot;absolute&quot;}\" data-widget_type=\"image.default\">\n\t\t\t\t<div class=\"elementor-widget-container\">\n\t\t\t\t\t\t\t\t\t\t\t\t\t\t\t\t<a href=\"https:\/\/hacienda-messanges.com\/wp-content\/uploads\/2020\/02\/3B5A8612-scaled-e1582286972461.jpg\" data-elementor-open-lightbox=\"yes\" data-elementor-lightbox-title=\"\u00e9v\u00e9nements\" data-e-action-hash=\"#elementor-action%3Aaction%3Dlightbox%26settings%3DeyJpZCI6MTUyMSwidXJsIjoiaHR0cHM6XC9cL2hhY2llbmRhLW1lc3Nhbmdlcy5jb21cL3dwLWNvbnRlbnRcL3VwbG9hZHNcLzIwMjBcLzAyXC8zQjVBODYxMi1zY2FsZWQtZTE1ODIyODY5NzI0NjEuanBnIn0%3D\">\n\t\t\t\t\t\t\t<img decoding=\"async\" width=\"800\" height=\"534\" src=\"https:\/\/hacienda-messanges.com\/wp-content\/uploads\/2020\/02\/3B5A8612-1024x683.jpg\" class=\"attachment-large size-large wp-image-1521\" alt=\"events\" srcset=\"https:\/\/hacienda-messanges.com\/wp-content\/uploads\/2020\/02\/3B5A8612-1024x683.jpg 1024w, https:\/\/hacienda-messanges.com\/wp-content\/uploads\/2020\/02\/3B5A8612-300x200.jpg 300w, https:\/\/hacienda-messanges.com\/wp-content\/uploads\/2020\/02\/3B5A8612-768x512.jpg 768w, https:\/\/hacienda-messanges.com\/wp-content\/uploads\/2020\/02\/3B5A8612-1536x1024.jpg 1536w, https:\/\/hacienda-messanges.com\/wp-content\/uploads\/2020\/02\/3B5A8612-2048x1365.jpg 2048w, https:\/\/hacienda-messanges.com\/wp-content\/uploads\/2020\/02\/3B5A8612-scaled-e1582286972461.jpg 1200w\" sizes=\"(max-width: 800px) 100vw, 800px\" \/>\t\t\t\t\t\t\t\t<\/a>\n\t\t\t\t\t\t\t\t\t\t\t\t\t\t\t<\/div>\n\t\t\t\t<\/div>\n\t\t\t\t\t<\/div>\n\t\t<\/div>\n\t\t\t\t<div class=\"elementor-column elementor-col-50 elementor-top-column elementor-element elementor-element-46e7ce0\" data-id=\"46e7ce0\" data-element_type=\"column\">\n\t\t\t<div class=\"elementor-widget-wrap elementor-element-populated\">\n\t\t\t\t\t\t<div class=\"elementor-element elementor-element-2b0c4924 elementor-widget elementor-widget-heading\" data-id=\"2b0c4924\" data-element_type=\"widget\" data-widget_type=\"heading.default\">\n\t\t\t\t<div class=\"elementor-widget-container\">\n\t\t\t\t\t<h2 class=\"elementor-heading-title elementor-size-default\">Rent the house<\/h2>\t\t\t\t<\/div>\n\t\t\t\t<\/div>\n\t\t\t\t<div class=\"elementor-element elementor-element-45fe8b9b elementor-widget elementor-widget-text-editor\" data-id=\"45fe8b9b\" data-element_type=\"widget\" data-widget_type=\"text-editor.default\">\n\t\t\t\t<div class=\"elementor-widget-container\">\n\t\t\t\t\t\t\t\t\t<p>Renting the Hacienda means enjoying our little paradise just for you! In an environment <a href=\"https:\/\/www.landesatlantiquesud.com\/destination\/lieux-spots-landes\/messanges\/\">unique<\/a> ! with <a href=\"https:\/\/www.landesatlantiquesud.com\/a-faire\/\">activities <\/a>by the hundreds within easy reach.<\/p><p>The entire villa is at your disposal, with bed linen provided and your beds made up.<br \/>Your towels too.<\/p><p>You'll also enjoy a fully-equipped kitchen, with a large American fridge with ice cube dispenser! A 5-burner gas cooker and a plancha under the terrace (BBQs are prohibited in the Landes).<br \/>On the menu, the pleasure of cooking in a space designed for large families.<\/p><p>The house is located in the immediate vicinity of La Graviere beach (unsupervised beach), this wild beach is just a few minutes from the house along a forest path.<br \/>We are also located between the two supervised beaches of <a href=\"https:\/\/www.landesatlantiquesud.com\/destination\/lieux-spots-landes\/messanges\/\">Messanges<\/a> or <a href=\"https:\/\/www.landesatlantiquesud.com\/destination\/lieux-spots-landes\/moliets-et-maa\/\">Moliets<\/a> (5mts by car)<\/p>\t\t\t\t\t\t\t\t<\/div>\n\t\t\t\t<\/div>\n\t\t\t\t\t<\/div>\n\t\t<\/div>\n\t\t\t\t\t<\/div>\n\t\t<\/section>\n\t\t\t\t<section class=\"elementor-section elementor-top-section elementor-element elementor-element-4629ec7f elementor-section-boxed elementor-section-height-default elementor-section-height-default\" data-id=\"4629ec7f\" data-element_type=\"section\">\n\t\t\t\t\t\t<div class=\"elementor-container elementor-column-gap-default\">\n\t\t\t\t\t<div class=\"elementor-column elementor-col-100 elementor-top-column elementor-element elementor-element-24f6107a\" data-id=\"24f6107a\" data-element_type=\"column\">\n\t\t\t<div class=\"elementor-widget-wrap elementor-element-populated\">\n\t\t\t\t\t\t<div class=\"elementor-element elementor-element-23263dc5 elementor-widget elementor-widget-text-editor\" data-id=\"23263dc5\" data-element_type=\"widget\" data-widget_type=\"text-editor.default\">\n\t\t\t\t<div class=\"elementor-widget-container\">\n\t\t\t\t\t\t\t\t\t<p style=\"text-align: center;\"><strong>I am at your disposal for any request:<\/strong><\/p><p style=\"text-align: center;\"><strong>06.50.45.43.24 or molesausse@gmail.com<\/strong><\/p><p><strong>Practicalities<\/strong><\/p><p>Tourist tax 1,21\u20ac per night and per person (adult + 18 years old) : from June 1st to Sept 30th \/ Meubl\u00e9 de tourisme 2** :<\/p><p>The house is insured (premium contract) and you are insured in the house (MMA soustons).<\/p><p>I live next door to the gite (semi-detached house, private and enclosed space). I respect your privacy and will only be present if you need or ask me to be.<\/p>\t\t\t\t\t\t\t\t<\/div>\n\t\t\t\t<\/div>\n\t\t\t\t\t<\/div>\n\t\t<\/div>\n\t\t\t\t\t<\/div>\n\t\t<\/section>\n\t\t\t\t<section class=\"elementor-section elementor-top-section elementor-element elementor-element-9fb479c elementor-section-boxed elementor-section-height-default elementor-section-height-default\" data-id=\"9fb479c\" data-element_type=\"section\">\n\t\t\t\t\t\t<div class=\"elementor-container elementor-column-gap-default\">\n\t\t\t\t\t<div class=\"elementor-column elementor-col-100 elementor-top-column elementor-element elementor-element-ee4aec3\" data-id=\"ee4aec3\" data-element_type=\"column\">\n\t\t\t<div class=\"elementor-widget-wrap elementor-element-populated\">\n\t\t\t\t\t\t<div class=\"elementor-element elementor-element-6f66c75 elementor-widget elementor-widget-global elementor-global-1900 elementor-widget-html\" data-id=\"6f66c75\" data-element_type=\"widget\" data-widget_type=\"html.default\">\n\t\t\t\t<div class=\"elementor-widget-container\">\n\t\t\t\t\t<div id=\"ConstellationWidgetContainerce6bc9e5-0f72-423a-ba7e-88189f2c38c6-desktop\"\n     style=\"width:100%\"\n     title=\"Hacienda-Messanges\"\n     data-id-projet=\"ce6bc9e50f72423aba7e88189f2c38c6\">\n  Loading in progress...\n<\/div>\n<script src=\"https:\/\/reservation.elloha.com\/Scripts\/widget-loader.min.js?v=39\" defer><\/script>\n\n<script>\n  \/\/ Configuration du widget : NOM EXACT des variables\n  var constellationWidgetUrlce6bc9e50f72423aba7e88189f2c38c6 =\n    \"https:\/\/reservation.elloha.com\/Widget\/BookingEngine\/ce6bc9e5-0f72-423a-ba7e-88189f2c38c6?idoi=eaa45dca-7afc-468a-baf6-290d5a1efd80&culture=fr-FR\";\n\n  var constellationTypeModulece6bc9e50f72423aba7e88189f2c38c6 = 1;\n\n  function initConstellationWidgets() {\n    \/\/ V\u00e9rifie que le script Elloha est bien charg\u00e9\n    if (typeof constellationWidgetLoad !== \"function\") {\n      setTimeout(initConstellationWidgets, 50);\n      return;\n    }\n\n    \/\/ Chargement des deux conteneurs\n    constellationWidgetLoad(\"ConstellationWidgetContainerce6bc9e5-0f72-423a-ba7e-88189f2c38c6-mobile\");\n    constellationWidgetLoad(\"ConstellationWidgetContainerce6bc9e5-0f72-423a-ba7e-88189f2c38c6-desktop\");\n\n    \/\/ Gestion du resize\n    constellationWidgetAddEvent(window, \"resize\", function () {\n      constellationWidgetSetAppearance(\"ConstellationWidgetContainerce6bc9e5-0f72-423a-ba7e-88189f2c38c6-mobile\");\n      constellationWidgetSetAppearance(\"ConstellationWidgetContainerce6bc9e5-0f72-423a-ba7e-88189f2c38c6-desktop\");\n    });\n  }\n\n  \/\/ Lance l'init apr\u00e8s chargement DOM\n  if (document.readyState === \"loading\") {\n    document.addEventListener(\"DOMContentLoaded\", initConstellationWidgets);\n  } else {\n    initConstellationWidgets();\n  }\n<\/script>\n\n\n\t\t\t\t<\/div>\n\t\t\t\t<\/div>\n\t\t\t\t\t<\/div>\n\t\t<\/div>\n\t\t\t\t\t<\/div>\n\t\t<\/section>\n\t\t\t\t<\/div>","protected":false},"excerpt":{"rendered":"<p>La maison est faite pour que vous vous sentiez chez vous&#8230; La d\u00e9co r\u00e9tro rappelle nos pr\u00e9cieux souvenirs d\u2019enfance et donne l\u2019impression d\u2019\u00eatre en vacances dans la maison de nos grands parents. Louer la maison La location de l&rsquo;Hacienda c\u2019est profiter de notre petit paradis rien que pour vous ! Dans un environnement unique ! [&hellip;]<\/p>","protected":false},"author":1,"featured_media":1626,"parent":0,"menu_order":0,"comment_status":"closed","ping_status":"closed","template":"","meta":{"footnotes":""},"class_list":["post-1062","page","type-page","status-publish","has-post-thumbnail","hentry"],"yoast_head":"<!-- This site is optimized with the Yoast SEO plugin v26.3 - https:\/\/yoast.com\/wordpress\/plugins\/seo\/ -->\n<title>louer la maison c&#039;est profiter de notre paradis rien que pour vous !<\/title>\n<meta name=\"description\" content=\"Louer la maison c&#039;est privatiser un petit paradis rien que pour vous, au coeur de la for\u00eat et \u00e0 proximit\u00e9 imm\u00e9diate de l&#039;oc\u00e9an avec des activit\u00e9s par centaine \u00e0 port\u00e9e de main !\" \/>\n<meta name=\"robots\" content=\"index, follow, max-snippet:-1, max-image-preview:large, max-video-preview:-1\" \/>\n<link rel=\"canonical\" href=\"https:\/\/hacienda-messanges.com\/en\/rent-the-house\/\" \/>\n<meta property=\"og:locale\" content=\"en_GB\" \/>\n<meta property=\"og:type\" content=\"article\" \/>\n<meta property=\"og:title\" content=\"louer la maison c&#039;est profiter de notre paradis rien que pour vous !\" \/>\n<meta property=\"og:description\" content=\"Louer la maison c&#039;est privatiser un petit paradis rien que pour vous, au coeur de la for\u00eat et \u00e0 proximit\u00e9 imm\u00e9diate de l&#039;oc\u00e9an avec des activit\u00e9s par centaine \u00e0 port\u00e9e de main !\" \/>\n<meta property=\"og:url\" content=\"https:\/\/hacienda-messanges.com\/en\/rent-the-house\/\" \/>\n<meta property=\"og:site_name\" content=\"Hacienda Messanges\" \/>\n<meta property=\"article:modified_time\" content=\"2025-11-14T12:54:21+00:00\" \/>\n<meta property=\"og:image\" content=\"https:\/\/hacienda-messanges.com\/wp-content\/uploads\/2022\/04\/1587277691196.jpg\" \/>\n\t<meta property=\"og:image:width\" content=\"2560\" \/>\n\t<meta property=\"og:image:height\" content=\"1920\" \/>\n\t<meta property=\"og:image:type\" content=\"image\/jpeg\" \/>\n<meta name=\"twitter:card\" content=\"summary_large_image\" \/>\n<meta name=\"twitter:label1\" content=\"Estimated reading time\" \/>\n\t<meta name=\"twitter:data1\" content=\"3 minutes\" \/>\n<script type=\"application\/ld+json\" class=\"yoast-schema-graph\">{\"@context\":\"https:\/\/schema.org\",\"@graph\":[{\"@type\":\"WebPage\",\"@id\":\"https:\/\/hacienda-messanges.com\/louer-la-maison\/\",\"url\":\"https:\/\/hacienda-messanges.com\/louer-la-maison\/\",\"name\":\"louer la maison c'est profiter de notre paradis rien que pour vous !\",\"isPartOf\":{\"@id\":\"https:\/\/hacienda-messanges.com\/#website\"},\"primaryImageOfPage\":{\"@id\":\"https:\/\/hacienda-messanges.com\/louer-la-maison\/#primaryimage\"},\"image\":{\"@id\":\"https:\/\/hacienda-messanges.com\/louer-la-maison\/#primaryimage\"},\"thumbnailUrl\":\"https:\/\/hacienda-messanges.com\/wp-content\/uploads\/2022\/04\/1587277691196.jpg\",\"datePublished\":\"2019-01-18T17:24:28+00:00\",\"dateModified\":\"2025-11-14T12:54:21+00:00\",\"description\":\"Louer la maison c'est privatiser un petit paradis rien que pour vous, au coeur de la for\u00eat et \u00e0 proximit\u00e9 imm\u00e9diate de l'oc\u00e9an avec des activit\u00e9s par centaine \u00e0 port\u00e9e de main !\",\"breadcrumb\":{\"@id\":\"https:\/\/hacienda-messanges.com\/louer-la-maison\/#breadcrumb\"},\"inLanguage\":\"en-GB\",\"potentialAction\":[{\"@type\":\"ReadAction\",\"target\":[\"https:\/\/hacienda-messanges.com\/louer-la-maison\/\"]}]},{\"@type\":\"ImageObject\",\"inLanguage\":\"en-GB\",\"@id\":\"https:\/\/hacienda-messanges.com\/louer-la-maison\/#primaryimage\",\"url\":\"https:\/\/hacienda-messanges.com\/wp-content\/uploads\/2022\/04\/1587277691196.jpg\",\"contentUrl\":\"https:\/\/hacienda-messanges.com\/wp-content\/uploads\/2022\/04\/1587277691196.jpg\",\"width\":2560,\"height\":1920},{\"@type\":\"BreadcrumbList\",\"@id\":\"https:\/\/hacienda-messanges.com\/louer-la-maison\/#breadcrumb\",\"itemListElement\":[{\"@type\":\"ListItem\",\"position\":1,\"name\":\"Home\",\"item\":\"https:\/\/hacienda-messanges.com\/\"},{\"@type\":\"ListItem\",\"position\":2,\"name\":\"Louer la maison\"}]},{\"@type\":\"WebSite\",\"@id\":\"https:\/\/hacienda-messanges.com\/#website\",\"url\":\"https:\/\/hacienda-messanges.com\/\",\"name\":\"Hacienda Messanges\",\"description\":\"\",\"potentialAction\":[{\"@type\":\"SearchAction\",\"target\":{\"@type\":\"EntryPoint\",\"urlTemplate\":\"https:\/\/hacienda-messanges.com\/?s={search_term_string}\"},\"query-input\":{\"@type\":\"PropertyValueSpecification\",\"valueRequired\":true,\"valueName\":\"search_term_string\"}}],\"inLanguage\":\"en-GB\"}]}<\/script>\n<!-- \/ Yoast SEO plugin. -->","yoast_head_json":{"title":"renting the house means enjoying our paradise all to yourself!","description":"Rent the house and you'll be privatising a little paradise just for you, in the heart of the forest and right next to the ocean, with hundreds of activities at your fingertips!","robots":{"index":"index","follow":"follow","max-snippet":"max-snippet:-1","max-image-preview":"max-image-preview:large","max-video-preview":"max-video-preview:-1"},"canonical":"https:\/\/hacienda-messanges.com\/en\/rent-the-house\/","og_locale":"en_GB","og_type":"article","og_title":"louer la maison c'est profiter de notre paradis rien que pour vous !","og_description":"Louer la maison c'est privatiser un petit paradis rien que pour vous, au coeur de la for\u00eat et \u00e0 proximit\u00e9 imm\u00e9diate de l'oc\u00e9an avec des activit\u00e9s par centaine \u00e0 port\u00e9e de main !","og_url":"https:\/\/hacienda-messanges.com\/en\/rent-the-house\/","og_site_name":"Hacienda Messanges","article_modified_time":"2025-11-14T12:54:21+00:00","og_image":[{"width":2560,"height":1920,"url":"https:\/\/hacienda-messanges.com\/wp-content\/uploads\/2022\/04\/1587277691196.jpg","type":"image\/jpeg"}],"twitter_card":"summary_large_image","twitter_misc":{"Estimated reading time":"3 minutes"},"schema":{"@context":"https:\/\/schema.org","@graph":[{"@type":"WebPage","@id":"https:\/\/hacienda-messanges.com\/louer-la-maison\/","url":"https:\/\/hacienda-messanges.com\/louer-la-maison\/","name":"renting the house means enjoying our paradise all to yourself!","isPartOf":{"@id":"https:\/\/hacienda-messanges.com\/#website"},"primaryImageOfPage":{"@id":"https:\/\/hacienda-messanges.com\/louer-la-maison\/#primaryimage"},"image":{"@id":"https:\/\/hacienda-messanges.com\/louer-la-maison\/#primaryimage"},"thumbnailUrl":"https:\/\/hacienda-messanges.com\/wp-content\/uploads\/2022\/04\/1587277691196.jpg","datePublished":"2019-01-18T17:24:28+00:00","dateModified":"2025-11-14T12:54:21+00:00","description":"Rent the house and you'll be privatising a little paradise just for you, in the heart of the forest and right next to the ocean, with hundreds of activities at your fingertips!","breadcrumb":{"@id":"https:\/\/hacienda-messanges.com\/louer-la-maison\/#breadcrumb"},"inLanguage":"en-GB","potentialAction":[{"@type":"ReadAction","target":["https:\/\/hacienda-messanges.com\/louer-la-maison\/"]}]},{"@type":"ImageObject","inLanguage":"en-GB","@id":"https:\/\/hacienda-messanges.com\/louer-la-maison\/#primaryimage","url":"https:\/\/hacienda-messanges.com\/wp-content\/uploads\/2022\/04\/1587277691196.jpg","contentUrl":"https:\/\/hacienda-messanges.com\/wp-content\/uploads\/2022\/04\/1587277691196.jpg","width":2560,"height":1920},{"@type":"BreadcrumbList","@id":"https:\/\/hacienda-messanges.com\/louer-la-maison\/#breadcrumb","itemListElement":[{"@type":"ListItem","position":1,"name":"Home","item":"https:\/\/hacienda-messanges.com\/"},{"@type":"ListItem","position":2,"name":"Louer la maison"}]},{"@type":"WebSite","@id":"https:\/\/hacienda-messanges.com\/#website","url":"https:\/\/hacienda-messanges.com\/","name":"Hacienda Messanges","description":"","potentialAction":[{"@type":"SearchAction","target":{"@type":"EntryPoint","urlTemplate":"https:\/\/hacienda-messanges.com\/?s={search_term_string}"},"query-input":{"@type":"PropertyValueSpecification","valueRequired":true,"valueName":"search_term_string"}}],"inLanguage":"en-GB"}]}},"_links":{"self":[{"href":"https:\/\/hacienda-messanges.com\/en\/wp-json\/wp\/v2\/pages\/1062","targetHints":{"allow":["GET"]}}],"collection":[{"href":"https:\/\/hacienda-messanges.com\/en\/wp-json\/wp\/v2\/pages"}],"about":[{"href":"https:\/\/hacienda-messanges.com\/en\/wp-json\/wp\/v2\/types\/page"}],"author":[{"embeddable":true,"href":"https:\/\/hacienda-messanges.com\/en\/wp-json\/wp\/v2\/users\/1"}],"replies":[{"embeddable":true,"href":"https:\/\/hacienda-messanges.com\/en\/wp-json\/wp\/v2\/comments?post=1062"}],"version-history":[{"count":151,"href":"https:\/\/hacienda-messanges.com\/en\/wp-json\/wp\/v2\/pages\/1062\/revisions"}],"predecessor-version":[{"id":2162,"href":"https:\/\/hacienda-messanges.com\/en\/wp-json\/wp\/v2\/pages\/1062\/revisions\/2162"}],"wp:featuredmedia":[{"embeddable":true,"href":"https:\/\/hacienda-messanges.com\/en\/wp-json\/wp\/v2\/media\/1626"}],"wp:attachment":[{"href":"https:\/\/hacienda-messanges.com\/en\/wp-json\/wp\/v2\/media?parent=1062"}],"curies":[{"name":"wp","href":"https:\/\/api.w.org\/{rel}","templated":true}]}}