{"id":149,"date":"2017-06-15T10:36:02","date_gmt":"2017-06-15T10:36:02","guid":{"rendered":"http:\/\/hacienda-messanges.com\/?page_id=149"},"modified":"2025-11-14T12:56:37","modified_gmt":"2025-11-14T12:56:37","slug":"rooms","status":"publish","type":"page","link":"https:\/\/hacienda-messanges.com\/en\/rooms\/","title":{"rendered":"Rooms"},"content":{"rendered":"<div data-elementor-type=\"wp-page\" data-elementor-id=\"149\" class=\"elementor elementor-149\" data-elementor-post-type=\"page\">\n\t\t\t\t\t\t<section class=\"elementor-section elementor-top-section elementor-element elementor-element-6ba8e900 elementor-section-boxed elementor-section-height-default elementor-section-height-default\" data-id=\"6ba8e900\" data-element_type=\"section\" data-settings=\"{&quot;background_background&quot;:&quot;classic&quot;}\">\n\t\t\t\t\t\t\t<div class=\"elementor-background-overlay\"><\/div>\n\t\t\t\t\t\t\t<div class=\"elementor-container elementor-column-gap-no\">\n\t\t\t\t\t<div class=\"elementor-column elementor-col-50 elementor-top-column elementor-element elementor-element-36352b98\" data-id=\"36352b98\" data-element_type=\"column\">\n\t\t\t<div class=\"elementor-widget-wrap elementor-element-populated\">\n\t\t\t\t\t\t<div class=\"elementor-element elementor-element-4a358ef0 elementor-widget elementor-widget-spacer\" data-id=\"4a358ef0\" data-element_type=\"widget\" data-widget_type=\"spacer.default\">\n\t\t\t\t<div class=\"elementor-widget-container\">\n\t\t\t\t\t\t\t<div class=\"elementor-spacer\">\n\t\t\t<div class=\"elementor-spacer-inner\"><\/div>\n\t\t<\/div>\n\t\t\t\t\t\t<\/div>\n\t\t\t\t<\/div>\n\t\t\t\t<div class=\"elementor-element elementor-element-8a6d618 elementor-widget__width-initial elementor-absolute elementor-widget-tablet__width-initial elementor-hidden-phone elementor-widget elementor-widget-image\" data-id=\"8a6d618\" data-element_type=\"widget\" data-settings=\"{&quot;_position&quot;:&quot;absolute&quot;}\" data-widget_type=\"image.default\">\n\t\t\t\t<div class=\"elementor-widget-container\">\n\t\t\t\t\t\t\t\t\t\t\t\t\t\t\t\t<a href=\"https:\/\/hacienda-messanges.com\/wp-content\/uploads\/2025\/11\/ab1d7951-bae3-44f6-b23b-c31751cc079f.jpg\" data-elementor-open-lightbox=\"yes\" data-elementor-lightbox-title=\"ab1d7951-bae3-44f6-b23b-c31751cc079f\" data-e-action-hash=\"#elementor-action%3Aaction%3Dlightbox%26settings%3DeyJpZCI6MTk5MywidXJsIjoiaHR0cHM6XC9cL2hhY2llbmRhLW1lc3Nhbmdlcy5jb21cL3dwLWNvbnRlbnRcL3VwbG9hZHNcLzIwMjVcLzExXC9hYjFkNzk1MS1iYWUzLTQ0ZjYtYjIzYi1jMzE3NTFjYzA3OWYuanBnIn0%3D\">\n\t\t\t\t\t\t\t<img fetchpriority=\"high\" decoding=\"async\" width=\"800\" height=\"534\" src=\"https:\/\/hacienda-messanges.com\/wp-content\/uploads\/2025\/11\/ab1d7951-bae3-44f6-b23b-c31751cc079f-1024x683.jpg\" class=\"attachment-large size-large wp-image-1993\" alt=\"\" srcset=\"https:\/\/hacienda-messanges.com\/wp-content\/uploads\/2025\/11\/ab1d7951-bae3-44f6-b23b-c31751cc079f-1024x683.jpg 1024w, https:\/\/hacienda-messanges.com\/wp-content\/uploads\/2025\/11\/ab1d7951-bae3-44f6-b23b-c31751cc079f-300x200.jpg 300w, https:\/\/hacienda-messanges.com\/wp-content\/uploads\/2025\/11\/ab1d7951-bae3-44f6-b23b-c31751cc079f-768x512.jpg 768w, https:\/\/hacienda-messanges.com\/wp-content\/uploads\/2025\/11\/ab1d7951-bae3-44f6-b23b-c31751cc079f-18x12.jpg 18w, https:\/\/hacienda-messanges.com\/wp-content\/uploads\/2025\/11\/ab1d7951-bae3-44f6-b23b-c31751cc079f.jpg 1440w\" sizes=\"(max-width: 800px) 100vw, 800px\" \/>\t\t\t\t\t\t\t\t<\/a>\n\t\t\t\t\t\t\t\t\t\t\t\t\t\t\t<\/div>\n\t\t\t\t<\/div>\n\t\t\t\t<div class=\"elementor-element elementor-element-43cf4ad1 elementor-absolute elementor-widget__width-initial elementor-widget elementor-widget-heading\" data-id=\"43cf4ad1\" data-element_type=\"widget\" data-settings=\"{&quot;_position&quot;:&quot;absolute&quot;}\" data-widget_type=\"heading.default\">\n\t\t\t\t<div class=\"elementor-widget-container\">\n\t\t\t\t\t<h1 class=\"elementor-heading-title elementor-size-default\">Retro decor recalls our precious childhood memories and gives the impression of being on holiday in our grandparents' house.<\/h1>\t\t\t\t<\/div>\n\t\t\t\t<\/div>\n\t\t\t\t<div class=\"elementor-element elementor-element-7cdc490a elementor-widget__width-initial elementor-absolute elementor-hidden-phone elementor-widget elementor-widget-image\" data-id=\"7cdc490a\" data-element_type=\"widget\" data-settings=\"{&quot;_position&quot;:&quot;absolute&quot;}\" data-widget_type=\"image.default\">\n\t\t\t\t<div class=\"elementor-widget-container\">\n\t\t\t\t\t\t\t\t\t\t\t\t\t\t\t\t<a href=\"https:\/\/hacienda-messanges.com\/wp-content\/uploads\/2025\/11\/Hacienda-TK-SMALL-18.jpg\" data-elementor-open-lightbox=\"yes\" data-elementor-lightbox-title=\"Hacienda TK SMALL (18)\" data-e-action-hash=\"#elementor-action%3Aaction%3Dlightbox%26settings%3DeyJpZCI6MTk4OSwidXJsIjoiaHR0cHM6XC9cL2hhY2llbmRhLW1lc3Nhbmdlcy5jb21cL3dwLWNvbnRlbnRcL3VwbG9hZHNcLzIwMjVcLzExXC9IYWNpZW5kYS1USy1TTUFMTC0xOC5qcGcifQ%3D%3D\">\n\t\t\t\t\t\t\t<img decoding=\"async\" width=\"800\" height=\"533\" src=\"https:\/\/hacienda-messanges.com\/wp-content\/uploads\/2025\/11\/Hacienda-TK-SMALL-18-1024x682.jpg\" class=\"attachment-large size-large wp-image-1989\" alt=\"\" srcset=\"https:\/\/hacienda-messanges.com\/wp-content\/uploads\/2025\/11\/Hacienda-TK-SMALL-18-1024x682.jpg 1024w, https:\/\/hacienda-messanges.com\/wp-content\/uploads\/2025\/11\/Hacienda-TK-SMALL-18-300x200.jpg 300w, https:\/\/hacienda-messanges.com\/wp-content\/uploads\/2025\/11\/Hacienda-TK-SMALL-18-768x512.jpg 768w, https:\/\/hacienda-messanges.com\/wp-content\/uploads\/2025\/11\/Hacienda-TK-SMALL-18-18x12.jpg 18w, https:\/\/hacienda-messanges.com\/wp-content\/uploads\/2025\/11\/Hacienda-TK-SMALL-18.jpg 1181w\" sizes=\"(max-width: 800px) 100vw, 800px\" \/>\t\t\t\t\t\t\t\t<\/a>\n\t\t\t\t\t\t\t\t\t\t\t\t\t\t\t<\/div>\n\t\t\t\t<\/div>\n\t\t\t\t<div class=\"elementor-element elementor-element-4315f13b elementor-widget__width-initial elementor-absolute elementor-widget-mobile__width-initial elementor-widget elementor-widget-image\" data-id=\"4315f13b\" data-element_type=\"widget\" data-settings=\"{&quot;_position&quot;:&quot;absolute&quot;}\" data-widget_type=\"image.default\">\n\t\t\t\t<div class=\"elementor-widget-container\">\n\t\t\t\t\t\t\t\t\t\t\t\t\t\t\t\t<a href=\"https:\/\/hacienda-messanges.com\/wp-content\/uploads\/2025\/11\/Hacienda-TK-SMALL-13.jpg\" data-elementor-open-lightbox=\"yes\" data-elementor-lightbox-title=\"Hacienda TK SMALL (13)\" data-e-action-hash=\"#elementor-action%3Aaction%3Dlightbox%26settings%3DeyJpZCI6MTk4NywidXJsIjoiaHR0cHM6XC9cL2hhY2llbmRhLW1lc3Nhbmdlcy5jb21cL3dwLWNvbnRlbnRcL3VwbG9hZHNcLzIwMjVcLzExXC9IYWNpZW5kYS1USy1TTUFMTC0xMy5qcGcifQ%3D%3D\">\n\t\t\t\t\t\t\t<img decoding=\"async\" width=\"800\" height=\"533\" src=\"https:\/\/hacienda-messanges.com\/wp-content\/uploads\/2025\/11\/Hacienda-TK-SMALL-13-1024x682.jpg\" class=\"attachment-large size-large wp-image-1987\" alt=\"\" srcset=\"https:\/\/hacienda-messanges.com\/wp-content\/uploads\/2025\/11\/Hacienda-TK-SMALL-13-1024x682.jpg 1024w, https:\/\/hacienda-messanges.com\/wp-content\/uploads\/2025\/11\/Hacienda-TK-SMALL-13-300x200.jpg 300w, https:\/\/hacienda-messanges.com\/wp-content\/uploads\/2025\/11\/Hacienda-TK-SMALL-13-768x512.jpg 768w, https:\/\/hacienda-messanges.com\/wp-content\/uploads\/2025\/11\/Hacienda-TK-SMALL-13-18x12.jpg 18w, https:\/\/hacienda-messanges.com\/wp-content\/uploads\/2025\/11\/Hacienda-TK-SMALL-13.jpg 1181w\" sizes=\"(max-width: 800px) 100vw, 800px\" \/>\t\t\t\t\t\t\t\t<\/a>\n\t\t\t\t\t\t\t\t\t\t\t\t\t\t\t<\/div>\n\t\t\t\t<\/div>\n\t\t\t\t\t<\/div>\n\t\t<\/div>\n\t\t\t\t<div class=\"elementor-column elementor-col-50 elementor-top-column elementor-element elementor-element-96f3b40\" data-id=\"96f3b40\" data-element_type=\"column\">\n\t\t\t<div class=\"elementor-widget-wrap elementor-element-populated\">\n\t\t\t\t\t\t<div class=\"elementor-element elementor-element-12bd30a0 elementor-widget elementor-widget-heading\" data-id=\"12bd30a0\" data-element_type=\"widget\" data-widget_type=\"heading.default\">\n\t\t\t\t<div class=\"elementor-widget-container\">\n\t\t\t\t\t<h2 class=\"elementor-heading-title elementor-size-default\">Chambres \u00e0 l'Hacienda Messanges<\/h2>\t\t\t\t<\/div>\n\t\t\t\t<\/div>\n\t\t\t\t<div class=\"elementor-element elementor-element-349f4e7c elementor-widget elementor-widget-text-editor\" data-id=\"349f4e7c\" data-element_type=\"widget\" data-widget_type=\"text-editor.default\">\n\t\t\t\t<div class=\"elementor-widget-container\">\n\t\t\t\t\t\t\t\t\t<p>Bed linen and towels are provided, and your beds are made.<\/p><p>The house is very well built and if needed, there is air conditioning (in the living room), so it's nice and cool in the house in the summer.<\/p><p>BB equipment is available on request<\/p><p><strong>Double rooms :\u00a0 <\/strong><strong>Anna Maria &amp; La Jeanette <\/strong><em><u><br \/><\/u><\/em><\/p><p>The two double rooms have a view of the <a href=\"http:\/\/hacienda-messanges.com\/en\/\">pool<\/a>.<\/p><p>Facing East, the sun at <a href=\"https:\/\/www.youtube.com\/watch?v=u0X894sFog0\">alarm clock<\/a><\/p><p>Both bedrooms have double beds and en-suite facilities (wc+shower).\u00a0<\/p>\t\t\t\t\t\t\t\t<\/div>\n\t\t\t\t<\/div>\n\t\t\t\t\t<\/div>\n\t\t<\/div>\n\t\t\t\t\t<\/div>\n\t\t<\/section>\n\t\t\t\t<section class=\"elementor-section elementor-top-section elementor-element elementor-element-19d12323 elementor-section-boxed elementor-section-height-default elementor-section-height-default\" data-id=\"19d12323\" data-element_type=\"section\">\n\t\t\t\t\t\t<div class=\"elementor-container elementor-column-gap-default\">\n\t\t\t\t\t<div class=\"elementor-column elementor-col-100 elementor-top-column elementor-element elementor-element-b9bbae0\" data-id=\"b9bbae0\" data-element_type=\"column\">\n\t\t\t<div class=\"elementor-widget-wrap elementor-element-populated\">\n\t\t\t\t\t\t<div class=\"elementor-element elementor-element-186f9bee elementor-widget elementor-widget-text-editor\" data-id=\"186f9bee\" data-element_type=\"widget\" data-widget_type=\"text-editor.default\">\n\t\t\t\t<div class=\"elementor-widget-container\">\n\t\t\t\t\t\t\t\t\t<h4><strong>Family rooms: the Narnia &amp; El Kianna rooms <\/strong><\/h4><p>The two Family Rooms have 5 beds.<\/p><p>They have a double bed (160\u00d7200), a bunk bed and a single bed.<\/p><p>bathroom (shower) and toilet are separate<\/p><p>The house faces south, but there's no heat thanks to our terrace.<\/p>\t\t\t\t\t\t\t\t<\/div>\n\t\t\t\t<\/div>\n\t\t\t\t\t<\/div>\n\t\t<\/div>\n\t\t\t\t\t<\/div>\n\t\t<\/section>\n\t\t\t\t<\/div>","protected":false},"excerpt":{"rendered":"<p>La d\u00e9co r\u00e9tro rappelle nos pr\u00e9cieux souvenirs d\u2019enfance et donne l\u2019impression d\u2019\u00eatre en vacances dans la maison de nos grands parents. Chambres \u00e0 l&rsquo;Hacienda Messanges Votre linge de lit et de toilette est fourni, vos lits faits. La maison est tr\u00e8s bien construite et si besoin, il y a une climatisation (dans le salon), il [&hellip;]<\/p>","protected":false},"author":1,"featured_media":0,"parent":0,"menu_order":0,"comment_status":"closed","ping_status":"closed","template":"","meta":{"footnotes":""},"class_list":["post-149","page","type-page","status-publish","hentry"],"yoast_head":"<!-- This site is optimized with the Yoast SEO plugin v26.3 - https:\/\/yoast.com\/wordpress\/plugins\/seo\/ -->\n<title>Chambres \u00e0 l&#039;hacienda Messanges au coeur de Landes<\/title>\n<meta name=\"description\" content=\"Chambres \u00e0 l&#039;Hacienda de Messanges. L&#039;oc\u00e9an, l&#039;Etang de la Prade, la V\u00e9lodyss\u00e9e vous offrent une palette d&#039;activit\u00e9s in\u00e9galables\" \/>\n<meta name=\"robots\" content=\"index, follow, max-snippet:-1, max-image-preview:large, max-video-preview:-1\" \/>\n<link rel=\"canonical\" href=\"https:\/\/hacienda-messanges.com\/en\/rooms\/\" \/>\n<meta property=\"og:locale\" content=\"en_GB\" \/>\n<meta property=\"og:type\" content=\"article\" \/>\n<meta property=\"og:title\" content=\"Chambres \u00e0 l&#039;hacienda Messanges au coeur de Landes\" \/>\n<meta property=\"og:description\" content=\"Chambres \u00e0 l&#039;Hacienda de Messanges. L&#039;oc\u00e9an, l&#039;Etang de la Prade, la V\u00e9lodyss\u00e9e vous offrent une palette d&#039;activit\u00e9s in\u00e9galables\" \/>\n<meta property=\"og:url\" content=\"https:\/\/hacienda-messanges.com\/en\/rooms\/\" \/>\n<meta property=\"og:site_name\" content=\"Hacienda Messanges\" \/>\n<meta property=\"article:modified_time\" content=\"2025-11-14T12:56:37+00:00\" \/>\n<meta property=\"og:image\" content=\"https:\/\/hacienda-messanges.com\/wp-content\/uploads\/2025\/11\/ab1d7951-bae3-44f6-b23b-c31751cc079f-1024x683.jpg\" \/>\n<meta name=\"twitter:card\" content=\"summary_large_image\" \/>\n<meta name=\"twitter:label1\" content=\"Estimated reading time\" \/>\n\t<meta name=\"twitter:data1\" content=\"2 minutes\" \/>\n<script type=\"application\/ld+json\" class=\"yoast-schema-graph\">{\"@context\":\"https:\/\/schema.org\",\"@graph\":[{\"@type\":\"WebPage\",\"@id\":\"https:\/\/hacienda-messanges.com\/chambres\/\",\"url\":\"https:\/\/hacienda-messanges.com\/chambres\/\",\"name\":\"Chambres \u00e0 l'hacienda Messanges au coeur de Landes\",\"isPartOf\":{\"@id\":\"https:\/\/hacienda-messanges.com\/#website\"},\"primaryImageOfPage\":{\"@id\":\"https:\/\/hacienda-messanges.com\/chambres\/#primaryimage\"},\"image\":{\"@id\":\"https:\/\/hacienda-messanges.com\/chambres\/#primaryimage\"},\"thumbnailUrl\":\"https:\/\/hacienda-messanges.com\/wp-content\/uploads\/2025\/11\/ab1d7951-bae3-44f6-b23b-c31751cc079f-1024x683.jpg\",\"datePublished\":\"2017-06-15T10:36:02+00:00\",\"dateModified\":\"2025-11-14T12:56:37+00:00\",\"description\":\"Chambres \u00e0 l'Hacienda de Messanges. L'oc\u00e9an, l'Etang de la Prade, la V\u00e9lodyss\u00e9e vous offrent une palette d'activit\u00e9s in\u00e9galables\",\"breadcrumb\":{\"@id\":\"https:\/\/hacienda-messanges.com\/chambres\/#breadcrumb\"},\"inLanguage\":\"en-GB\",\"potentialAction\":[{\"@type\":\"ReadAction\",\"target\":[\"https:\/\/hacienda-messanges.com\/chambres\/\"]}]},{\"@type\":\"ImageObject\",\"inLanguage\":\"en-GB\",\"@id\":\"https:\/\/hacienda-messanges.com\/chambres\/#primaryimage\",\"url\":\"https:\/\/hacienda-messanges.com\/wp-content\/uploads\/2025\/11\/ab1d7951-bae3-44f6-b23b-c31751cc079f-1024x683.jpg\",\"contentUrl\":\"https:\/\/hacienda-messanges.com\/wp-content\/uploads\/2025\/11\/ab1d7951-bae3-44f6-b23b-c31751cc079f-1024x683.jpg\"},{\"@type\":\"BreadcrumbList\",\"@id\":\"https:\/\/hacienda-messanges.com\/chambres\/#breadcrumb\",\"itemListElement\":[{\"@type\":\"ListItem\",\"position\":1,\"name\":\"Home\",\"item\":\"https:\/\/hacienda-messanges.com\/\"},{\"@type\":\"ListItem\",\"position\":2,\"name\":\"Chambres\"}]},{\"@type\":\"WebSite\",\"@id\":\"https:\/\/hacienda-messanges.com\/#website\",\"url\":\"https:\/\/hacienda-messanges.com\/\",\"name\":\"Hacienda Messanges\",\"description\":\"\",\"potentialAction\":[{\"@type\":\"SearchAction\",\"target\":{\"@type\":\"EntryPoint\",\"urlTemplate\":\"https:\/\/hacienda-messanges.com\/?s={search_term_string}\"},\"query-input\":{\"@type\":\"PropertyValueSpecification\",\"valueRequired\":true,\"valueName\":\"search_term_string\"}}],\"inLanguage\":\"en-GB\"}]}<\/script>\n<!-- \/ Yoast SEO plugin. -->","yoast_head_json":{"title":"Chambres \u00e0 l'hacienda Messanges au coeur de Landes","description":"Chambres \u00e0 l'Hacienda de Messanges. L'oc\u00e9an, l'Etang de la Prade, la V\u00e9lodyss\u00e9e vous offrent une palette d'activit\u00e9s in\u00e9galables","robots":{"index":"index","follow":"follow","max-snippet":"max-snippet:-1","max-image-preview":"max-image-preview:large","max-video-preview":"max-video-preview:-1"},"canonical":"https:\/\/hacienda-messanges.com\/en\/rooms\/","og_locale":"en_GB","og_type":"article","og_title":"Chambres \u00e0 l'hacienda Messanges au coeur de Landes","og_description":"Chambres \u00e0 l'Hacienda de Messanges. L'oc\u00e9an, l'Etang de la Prade, la V\u00e9lodyss\u00e9e vous offrent une palette d'activit\u00e9s in\u00e9galables","og_url":"https:\/\/hacienda-messanges.com\/en\/rooms\/","og_site_name":"Hacienda Messanges","article_modified_time":"2025-11-14T12:56:37+00:00","og_image":[{"url":"https:\/\/hacienda-messanges.com\/wp-content\/uploads\/2025\/11\/ab1d7951-bae3-44f6-b23b-c31751cc079f-1024x683.jpg","type":"","width":"","height":""}],"twitter_card":"summary_large_image","twitter_misc":{"Estimated reading time":"2 minutes"},"schema":{"@context":"https:\/\/schema.org","@graph":[{"@type":"WebPage","@id":"https:\/\/hacienda-messanges.com\/chambres\/","url":"https:\/\/hacienda-messanges.com\/chambres\/","name":"Chambres \u00e0 l'hacienda Messanges au coeur de Landes","isPartOf":{"@id":"https:\/\/hacienda-messanges.com\/#website"},"primaryImageOfPage":{"@id":"https:\/\/hacienda-messanges.com\/chambres\/#primaryimage"},"image":{"@id":"https:\/\/hacienda-messanges.com\/chambres\/#primaryimage"},"thumbnailUrl":"https:\/\/hacienda-messanges.com\/wp-content\/uploads\/2025\/11\/ab1d7951-bae3-44f6-b23b-c31751cc079f-1024x683.jpg","datePublished":"2017-06-15T10:36:02+00:00","dateModified":"2025-11-14T12:56:37+00:00","description":"Chambres \u00e0 l'Hacienda de Messanges. L'oc\u00e9an, l'Etang de la Prade, la V\u00e9lodyss\u00e9e vous offrent une palette d'activit\u00e9s in\u00e9galables","breadcrumb":{"@id":"https:\/\/hacienda-messanges.com\/chambres\/#breadcrumb"},"inLanguage":"en-GB","potentialAction":[{"@type":"ReadAction","target":["https:\/\/hacienda-messanges.com\/chambres\/"]}]},{"@type":"ImageObject","inLanguage":"en-GB","@id":"https:\/\/hacienda-messanges.com\/chambres\/#primaryimage","url":"https:\/\/hacienda-messanges.com\/wp-content\/uploads\/2025\/11\/ab1d7951-bae3-44f6-b23b-c31751cc079f-1024x683.jpg","contentUrl":"https:\/\/hacienda-messanges.com\/wp-content\/uploads\/2025\/11\/ab1d7951-bae3-44f6-b23b-c31751cc079f-1024x683.jpg"},{"@type":"BreadcrumbList","@id":"https:\/\/hacienda-messanges.com\/chambres\/#breadcrumb","itemListElement":[{"@type":"ListItem","position":1,"name":"Home","item":"https:\/\/hacienda-messanges.com\/"},{"@type":"ListItem","position":2,"name":"Chambres"}]},{"@type":"WebSite","@id":"https:\/\/hacienda-messanges.com\/#website","url":"https:\/\/hacienda-messanges.com\/","name":"Hacienda Messanges","description":"","potentialAction":[{"@type":"SearchAction","target":{"@type":"EntryPoint","urlTemplate":"https:\/\/hacienda-messanges.com\/?s={search_term_string}"},"query-input":{"@type":"PropertyValueSpecification","valueRequired":true,"valueName":"search_term_string"}}],"inLanguage":"en-GB"}]}},"_links":{"self":[{"href":"https:\/\/hacienda-messanges.com\/en\/wp-json\/wp\/v2\/pages\/149","targetHints":{"allow":["GET"]}}],"collection":[{"href":"https:\/\/hacienda-messanges.com\/en\/wp-json\/wp\/v2\/pages"}],"about":[{"href":"https:\/\/hacienda-messanges.com\/en\/wp-json\/wp\/v2\/types\/page"}],"author":[{"embeddable":true,"href":"https:\/\/hacienda-messanges.com\/en\/wp-json\/wp\/v2\/users\/1"}],"replies":[{"embeddable":true,"href":"https:\/\/hacienda-messanges.com\/en\/wp-json\/wp\/v2\/comments?post=149"}],"version-history":[{"count":121,"href":"https:\/\/hacienda-messanges.com\/en\/wp-json\/wp\/v2\/pages\/149\/revisions"}],"predecessor-version":[{"id":2163,"href":"https:\/\/hacienda-messanges.com\/en\/wp-json\/wp\/v2\/pages\/149\/revisions\/2163"}],"wp:attachment":[{"href":"https:\/\/hacienda-messanges.com\/en\/wp-json\/wp\/v2\/media?parent=149"}],"curies":[{"name":"wp","href":"https:\/\/api.w.org\/{rel}","templated":true}]}}