{"id":34,"date":"2017-06-13T10:37:55","date_gmt":"2017-06-13T10:37:55","guid":{"rendered":"http:\/\/hacienda-messanges.com\/?page_id=34"},"modified":"2025-11-14T12:53:07","modified_gmt":"2025-11-14T12:53:07","slug":"guest-house","status":"publish","type":"page","link":"https:\/\/hacienda-messanges.com\/en\/guest-house\/","title":{"rendered":"L&rsquo;Hacienda Messanges"},"content":{"rendered":"<div data-elementor-type=\"wp-page\" data-elementor-id=\"34\" class=\"elementor elementor-34\" data-elementor-post-type=\"page\">\n\t\t\t\t\t\t<section class=\"elementor-section elementor-top-section elementor-element elementor-element-aa69382 elementor-hidden-desktop elementor-hidden-tablet elementor-section-boxed elementor-section-height-default elementor-section-height-default\" data-id=\"aa69382\" data-element_type=\"section\">\n\t\t\t\t\t\t<div class=\"elementor-container elementor-column-gap-default\">\n\t\t\t\t\t<div class=\"elementor-column elementor-col-100 elementor-top-column elementor-element elementor-element-3b94552\" data-id=\"3b94552\" data-element_type=\"column\">\n\t\t\t<div class=\"elementor-widget-wrap elementor-element-populated\">\n\t\t\t\t\t\t<div class=\"elementor-element elementor-element-71c6a9a elementor-widget elementor-widget-image\" data-id=\"71c6a9a\" data-element_type=\"widget\" data-widget_type=\"image.default\">\n\t\t\t\t<div class=\"elementor-widget-container\">\n\t\t\t\t\t\t\t\t\t\t\t\t\t\t\t<img fetchpriority=\"high\" decoding=\"async\" width=\"800\" height=\"450\" src=\"https:\/\/hacienda-messanges.com\/wp-content\/uploads\/2025\/11\/20170409_152801-1024x576.jpg\" class=\"attachment-large size-large wp-image-1973\" alt=\"randonn\u00e9e, g\u00eete \u00e0 Messanges\" srcset=\"https:\/\/hacienda-messanges.com\/wp-content\/uploads\/2025\/11\/20170409_152801-1024x576.jpg 1024w, https:\/\/hacienda-messanges.com\/wp-content\/uploads\/2025\/11\/20170409_152801-300x169.jpg 300w, https:\/\/hacienda-messanges.com\/wp-content\/uploads\/2025\/11\/20170409_152801-768x432.jpg 768w, https:\/\/hacienda-messanges.com\/wp-content\/uploads\/2025\/11\/20170409_152801-1536x864.jpg 1536w, https:\/\/hacienda-messanges.com\/wp-content\/uploads\/2025\/11\/20170409_152801-2048x1152.jpg 2048w\" sizes=\"(max-width: 800px) 100vw, 800px\" \/>\t\t\t\t\t\t\t\t\t\t\t\t\t\t\t<\/div>\n\t\t\t\t<\/div>\n\t\t\t\t<div class=\"elementor-element elementor-element-0a1c3b1 elementor-widget elementor-widget-image\" data-id=\"0a1c3b1\" data-element_type=\"widget\" data-widget_type=\"image.default\">\n\t\t\t\t<div class=\"elementor-widget-container\">\n\t\t\t\t\t\t\t\t\t\t\t\t\t\t\t<img decoding=\"async\" width=\"800\" height=\"439\" src=\"https:\/\/hacienda-messanges.com\/wp-content\/uploads\/2019\/01\/Plan-Acc\u00e8s-plage--1024x562.png\" class=\"attachment-large size-large wp-image-1172\" alt=\"Rent the house\" srcset=\"https:\/\/hacienda-messanges.com\/wp-content\/uploads\/2019\/01\/Plan-Acc\u00e8s-plage--1024x562.png 1024w, https:\/\/hacienda-messanges.com\/wp-content\/uploads\/2019\/01\/Plan-Acc\u00e8s-plage--300x165.png 300w, https:\/\/hacienda-messanges.com\/wp-content\/uploads\/2019\/01\/Plan-Acc\u00e8s-plage--768x421.png 768w, https:\/\/hacienda-messanges.com\/wp-content\/uploads\/2019\/01\/Plan-Acc\u00e8s-plage--e1551696783962.png 1000w\" sizes=\"(max-width: 800px) 100vw, 800px\" \/>\t\t\t\t\t\t\t\t\t\t\t\t\t\t\t<\/div>\n\t\t\t\t<\/div>\n\t\t\t\t<div class=\"elementor-element elementor-element-1900 elementor-widget elementor-widget-global elementor-global-1900 elementor-widget-html\" data-id=\"1900\" data-element_type=\"widget\" data-widget_type=\"html.default\">\n\t\t\t\t<div class=\"elementor-widget-container\">\n\t\t\t\t\t<div id=\"ConstellationWidgetContainerce6bc9e5-0f72-423a-ba7e-88189f2c38c6-desktop\"\n     style=\"width:100%\"\n     title=\"Hacienda-Messanges\"\n     data-id-projet=\"ce6bc9e50f72423aba7e88189f2c38c6\">\n  Loading in progress...\n<\/div>\n<script src=\"https:\/\/reservation.elloha.com\/Scripts\/widget-loader.min.js?v=39\" defer><\/script>\n\n<script>\n  \/\/ Configuration du widget : NOM EXACT des variables\n  var constellationWidgetUrlce6bc9e50f72423aba7e88189f2c38c6 =\n    \"https:\/\/reservation.elloha.com\/Widget\/BookingEngine\/ce6bc9e5-0f72-423a-ba7e-88189f2c38c6?idoi=eaa45dca-7afc-468a-baf6-290d5a1efd80&culture=fr-FR\";\n\n  var constellationTypeModulece6bc9e50f72423aba7e88189f2c38c6 = 1;\n\n  function initConstellationWidgets() {\n    \/\/ V\u00e9rifie que le script Elloha est bien charg\u00e9\n    if (typeof constellationWidgetLoad !== \"function\") {\n      setTimeout(initConstellationWidgets, 50);\n      return;\n    }\n\n    \/\/ Chargement des deux conteneurs\n    constellationWidgetLoad(\"ConstellationWidgetContainerce6bc9e5-0f72-423a-ba7e-88189f2c38c6-mobile\");\n    constellationWidgetLoad(\"ConstellationWidgetContainerce6bc9e5-0f72-423a-ba7e-88189f2c38c6-desktop\");\n\n    \/\/ Gestion du resize\n    constellationWidgetAddEvent(window, \"resize\", function () {\n      constellationWidgetSetAppearance(\"ConstellationWidgetContainerce6bc9e5-0f72-423a-ba7e-88189f2c38c6-mobile\");\n      constellationWidgetSetAppearance(\"ConstellationWidgetContainerce6bc9e5-0f72-423a-ba7e-88189f2c38c6-desktop\");\n    });\n  }\n\n  \/\/ Lance l'init apr\u00e8s chargement DOM\n  if (document.readyState === \"loading\") {\n    document.addEventListener(\"DOMContentLoaded\", initConstellationWidgets);\n  } else {\n    initConstellationWidgets();\n  }\n<\/script>\n\n\n\t\t\t\t<\/div>\n\t\t\t\t<\/div>\n\t\t\t\t\t<\/div>\n\t\t<\/div>\n\t\t\t\t\t<\/div>\n\t\t<\/section>\n\t\t\t\t<section class=\"elementor-section elementor-top-section elementor-element elementor-element-47ddcb99 elementor-section-boxed elementor-section-height-default elementor-section-height-default\" data-id=\"47ddcb99\" data-element_type=\"section\" data-settings=\"{&quot;background_background&quot;:&quot;classic&quot;}\">\n\t\t\t\t\t\t\t<div class=\"elementor-background-overlay\"><\/div>\n\t\t\t\t\t\t\t<div class=\"elementor-container elementor-column-gap-no\">\n\t\t\t\t\t<div class=\"elementor-column elementor-col-50 elementor-top-column elementor-element elementor-element-1eeb6e08 elementor-hidden-mobile\" data-id=\"1eeb6e08\" data-element_type=\"column\">\n\t\t\t<div class=\"elementor-widget-wrap elementor-element-populated\">\n\t\t\t\t\t\t<div class=\"elementor-element elementor-element-5a83b766 elementor-widget elementor-widget-spacer\" data-id=\"5a83b766\" data-element_type=\"widget\" data-widget_type=\"spacer.default\">\n\t\t\t\t<div class=\"elementor-widget-container\">\n\t\t\t\t\t\t\t<div class=\"elementor-spacer\">\n\t\t\t<div class=\"elementor-spacer-inner\"><\/div>\n\t\t<\/div>\n\t\t\t\t\t\t<\/div>\n\t\t\t\t<\/div>\n\t\t\t\t<div class=\"elementor-element elementor-element-708b7b64 elementor-widget__width-initial elementor-absolute elementor-widget-tablet__width-initial elementor-hidden-phone elementor-widget elementor-widget-image\" data-id=\"708b7b64\" data-element_type=\"widget\" data-settings=\"{&quot;_position&quot;:&quot;absolute&quot;}\" data-widget_type=\"image.default\">\n\t\t\t\t<div class=\"elementor-widget-container\">\n\t\t\t\t\t\t\t\t\t\t\t\t\t\t\t\t<a href=\"https:\/\/hacienda-messanges.com\/wp-content\/uploads\/2025\/11\/Hacienda-janvier18-41-_O1B5278-3-scaled.jpg\" data-elementor-open-lightbox=\"yes\" data-elementor-lightbox-title=\"Hacienda-janvier18-41-_O1B5278 3\" data-e-action-hash=\"#elementor-action%3Aaction%3Dlightbox%26settings%3DeyJpZCI6MTk0MiwidXJsIjoiaHR0cHM6XC9cL2hhY2llbmRhLW1lc3Nhbmdlcy5jb21cL3dwLWNvbnRlbnRcL3VwbG9hZHNcLzIwMjVcLzExXC9IYWNpZW5kYS1qYW52aWVyMTgtNDEtX08xQjUyNzgtMy1zY2FsZWQuanBnIn0%3D\">\n\t\t\t\t\t\t\t<img decoding=\"async\" width=\"800\" height=\"534\" src=\"https:\/\/hacienda-messanges.com\/wp-content\/uploads\/2025\/11\/Hacienda-janvier18-41-_O1B5278-3-1024x683.jpg\" class=\"attachment-large size-large wp-image-1942\" alt=\"Hacienda, louer des chambres \u00e0 Messanges\" srcset=\"https:\/\/hacienda-messanges.com\/wp-content\/uploads\/2025\/11\/Hacienda-janvier18-41-_O1B5278-3-1024x683.jpg 1024w, https:\/\/hacienda-messanges.com\/wp-content\/uploads\/2025\/11\/Hacienda-janvier18-41-_O1B5278-3-300x200.jpg 300w, https:\/\/hacienda-messanges.com\/wp-content\/uploads\/2025\/11\/Hacienda-janvier18-41-_O1B5278-3-768x512.jpg 768w, https:\/\/hacienda-messanges.com\/wp-content\/uploads\/2025\/11\/Hacienda-janvier18-41-_O1B5278-3-1536x1024.jpg 1536w, https:\/\/hacienda-messanges.com\/wp-content\/uploads\/2025\/11\/Hacienda-janvier18-41-_O1B5278-3-2048x1365.jpg 2048w\" sizes=\"(max-width: 800px) 100vw, 800px\" \/>\t\t\t\t\t\t\t\t<\/a>\n\t\t\t\t\t\t\t\t\t\t\t\t\t\t\t<\/div>\n\t\t\t\t<\/div>\n\t\t\t\t<div class=\"elementor-element elementor-element-7ab81dc4 elementor-absolute elementor-widget__width-initial elementor-widget elementor-widget-heading\" data-id=\"7ab81dc4\" data-element_type=\"widget\" data-settings=\"{&quot;_position&quot;:&quot;absolute&quot;}\" data-widget_type=\"heading.default\">\n\t\t\t\t<div class=\"elementor-widget-container\">\n\t\t\t\t\t<h1 class=\"elementor-heading-title elementor-size-default\">Retro decor recalls our precious childhood memories and gives the impression of being on holiday in our grandparents' house.<\/h1>\t\t\t\t<\/div>\n\t\t\t\t<\/div>\n\t\t\t\t<div class=\"elementor-element elementor-element-6c3cfd94 elementor-widget__width-initial elementor-absolute elementor-hidden-phone elementor-widget elementor-widget-image\" data-id=\"6c3cfd94\" data-element_type=\"widget\" data-settings=\"{&quot;_position&quot;:&quot;absolute&quot;}\" data-widget_type=\"image.default\">\n\t\t\t\t<div class=\"elementor-widget-container\">\n\t\t\t\t\t\t\t\t\t\t\t\t\t\t\t\t<a href=\"https:\/\/hacienda-messanges.com\/wp-content\/uploads\/2025\/11\/20170409_152801-scaled.jpg\" data-elementor-open-lightbox=\"yes\" data-elementor-lightbox-title=\"randonn\u00e9e, g\u00eete \u00e0 Messanges\" data-e-action-hash=\"#elementor-action%3Aaction%3Dlightbox%26settings%3DeyJpZCI6MTk3MywidXJsIjoiaHR0cHM6XC9cL2hhY2llbmRhLW1lc3Nhbmdlcy5jb21cL3dwLWNvbnRlbnRcL3VwbG9hZHNcLzIwMjVcLzExXC8yMDE3MDQwOV8xNTI4MDEtc2NhbGVkLmpwZyJ9\">\n\t\t\t\t\t\t\t<img fetchpriority=\"high\" decoding=\"async\" width=\"800\" height=\"450\" src=\"https:\/\/hacienda-messanges.com\/wp-content\/uploads\/2025\/11\/20170409_152801-1024x576.jpg\" class=\"attachment-large size-large wp-image-1973\" alt=\"randonn\u00e9e, g\u00eete \u00e0 Messanges\" srcset=\"https:\/\/hacienda-messanges.com\/wp-content\/uploads\/2025\/11\/20170409_152801-1024x576.jpg 1024w, https:\/\/hacienda-messanges.com\/wp-content\/uploads\/2025\/11\/20170409_152801-300x169.jpg 300w, https:\/\/hacienda-messanges.com\/wp-content\/uploads\/2025\/11\/20170409_152801-768x432.jpg 768w, https:\/\/hacienda-messanges.com\/wp-content\/uploads\/2025\/11\/20170409_152801-1536x864.jpg 1536w, https:\/\/hacienda-messanges.com\/wp-content\/uploads\/2025\/11\/20170409_152801-2048x1152.jpg 2048w\" sizes=\"(max-width: 800px) 100vw, 800px\" \/>\t\t\t\t\t\t\t\t<\/a>\n\t\t\t\t\t\t\t\t\t\t\t\t\t\t\t<\/div>\n\t\t\t\t<\/div>\n\t\t\t\t<div class=\"elementor-element elementor-element-6fb5cfa2 elementor-widget__width-initial elementor-absolute elementor-widget-mobile__width-initial elementor-widget elementor-widget-image\" data-id=\"6fb5cfa2\" data-element_type=\"widget\" data-settings=\"{&quot;_position&quot;:&quot;absolute&quot;}\" data-widget_type=\"image.default\">\n\t\t\t\t<div class=\"elementor-widget-container\">\n\t\t\t\t\t\t\t\t\t\t\t\t\t\t\t\t<a href=\"https:\/\/hacienda-messanges.com\/wp-content\/uploads\/2019\/01\/Plan-Acc\u00e8s-plage--e1551696783962.png\" data-elementor-open-lightbox=\"yes\" data-elementor-lightbox-title=\"Plan Acc\u00e8s plage\" data-e-action-hash=\"#elementor-action%3Aaction%3Dlightbox%26settings%3DeyJpZCI6MTE3MiwidXJsIjoiaHR0cHM6XC9cL2hhY2llbmRhLW1lc3Nhbmdlcy5jb21cL3dwLWNvbnRlbnRcL3VwbG9hZHNcLzIwMTlcLzAxXC9QbGFuLUFjY1x1MDBlOHMtcGxhZ2UtLWUxNTUxNjk2NzgzOTYyLnBuZyJ9\">\n\t\t\t\t\t\t\t<img decoding=\"async\" width=\"800\" height=\"439\" src=\"https:\/\/hacienda-messanges.com\/wp-content\/uploads\/2019\/01\/Plan-Acc\u00e8s-plage--1024x562.png\" class=\"attachment-large size-large wp-image-1172\" alt=\"Rent the house\" srcset=\"https:\/\/hacienda-messanges.com\/wp-content\/uploads\/2019\/01\/Plan-Acc\u00e8s-plage--1024x562.png 1024w, https:\/\/hacienda-messanges.com\/wp-content\/uploads\/2019\/01\/Plan-Acc\u00e8s-plage--300x165.png 300w, https:\/\/hacienda-messanges.com\/wp-content\/uploads\/2019\/01\/Plan-Acc\u00e8s-plage--768x421.png 768w, https:\/\/hacienda-messanges.com\/wp-content\/uploads\/2019\/01\/Plan-Acc\u00e8s-plage--e1551696783962.png 1000w\" sizes=\"(max-width: 800px) 100vw, 800px\" \/>\t\t\t\t\t\t\t\t<\/a>\n\t\t\t\t\t\t\t\t\t\t\t\t\t\t\t<\/div>\n\t\t\t\t<\/div>\n\t\t\t\t\t<\/div>\n\t\t<\/div>\n\t\t\t\t<div class=\"elementor-column elementor-col-50 elementor-top-column elementor-element elementor-element-64f2264f\" data-id=\"64f2264f\" data-element_type=\"column\">\n\t\t\t<div class=\"elementor-widget-wrap elementor-element-populated\">\n\t\t\t\t\t\t<div class=\"elementor-element elementor-element-27dfb47 elementor-widget elementor-widget-heading\" data-id=\"27dfb47\" data-element_type=\"widget\" data-widget_type=\"heading.default\">\n\t\t\t\t<div class=\"elementor-widget-container\">\n\t\t\t\t\t<h2 class=\"elementor-heading-title elementor-size-default\">Bienvenue \u00e0 L'Hacienda \u00e0 Messanges<\/h2>\t\t\t\t<\/div>\n\t\t\t\t<\/div>\n\t\t\t\t<div class=\"elementor-element elementor-element-7da33410 elementor-widget elementor-widget-text-editor\" data-id=\"7da33410\" data-element_type=\"widget\" data-widget_type=\"text-editor.default\">\n\t\t\t\t<div class=\"elementor-widget-container\">\n\t\t\t\t\t\t\t\t\t<h5 style=\"text-align: center;\"><strong>Situation<\/strong><\/h5><p>Hacienda Messanges is a rental in the Landes between <a href=\"https:\/\/www.google.fr\/maps\/place\/Hacienda+Messanges\/@43.829863,-1.3719927,17z\/data=!3m1!4b1!4m8!3m7!1s0xd53e32d92a8daf9:0x659f195f42183819!5m2!1s2018-06-08!2i2!8m2!3d43.829863!4d-1.369804\">Messanges and Moliets<\/a> on the west coast.<br \/>The property is 4000m2, with direct access to the wild beach of La Gravi\u00e8re (2km) and the Etang de la Prade (1.2km).<\/p><p>Les Landes offers a multitude of opportunities, activities, walks and cycle paths right on your doorstep. <a href=\"https:\/\/www.lavelodyssee.com\/troncons\/leon-bayonne\">V\u00e9lodyss\u00e9e<\/a> 500 metres from the house.<\/p>\t\t\t\t\t\t\t\t<\/div>\n\t\t\t\t<\/div>\n\t\t\t\t\t<\/div>\n\t\t<\/div>\n\t\t\t\t\t<\/div>\n\t\t<\/section>\n\t\t\t\t<section class=\"elementor-section elementor-top-section elementor-element elementor-element-69bd4f0b elementor-section-boxed elementor-section-height-default elementor-section-height-default\" data-id=\"69bd4f0b\" data-element_type=\"section\">\n\t\t\t\t\t\t<div class=\"elementor-container elementor-column-gap-default\">\n\t\t\t\t\t<div class=\"elementor-column elementor-col-100 elementor-top-column elementor-element elementor-element-3aa2ac05\" data-id=\"3aa2ac05\" data-element_type=\"column\">\n\t\t\t<div class=\"elementor-widget-wrap elementor-element-populated\">\n\t\t\t\t\t\t<div class=\"elementor-element elementor-element-25069b4a elementor-widget elementor-widget-text-editor\" data-id=\"25069b4a\" data-element_type=\"widget\" data-widget_type=\"text-editor.default\">\n\t\t\t\t<div class=\"elementor-widget-container\">\n\t\t\t\t\t\t\t\t\t<p>We spent months scouring attics and flea markets and took great pleasure in renovating every piece of furniture and object that decorates the house and makes it unique.<\/p><p>Expos\u00e9e au Sud, la terrasse qui fait le charme de l&rsquo;Hacienda Messanges permet de profiter par tous les temps, en restant dehors. C&rsquo;est aussi elle qui nous permet de garder des temp\u00e9ratures agr\u00e9ables dans les chambres.<\/p><p>Le parking est s\u00e9curis\u00e9 par une cl\u00f4ture, ce qui permet aux enfants de profiter du jardin sereinement.\u00a0\u00a0<\/p>\t\t\t\t\t\t\t\t<\/div>\n\t\t\t\t<\/div>\n\t\t\t\t\t<\/div>\n\t\t<\/div>\n\t\t\t\t\t<\/div>\n\t\t<\/section>\n\t\t\t\t<\/div>","protected":false},"excerpt":{"rendered":"<p>Chargement en cours&#8230; La d\u00e9co r\u00e9tro rappelle nos pr\u00e9cieux souvenirs d\u2019enfance et donne l\u2019impression d\u2019\u00eatre en vacances dans la maison de nos grands parents. Bienvenue \u00e0 L&rsquo;Hacienda \u00e0 Messanges Situation Hacienda Messanges est une location \u00a0dans les Landes entre Messanges et Moliets sur la c\u00f4te Ouest.La propri\u00e9t\u00e9 fait 4000m2, \u00a0acc\u00e8s direct \u00e0 la plage sauvage [&hellip;]<\/p>","protected":false},"author":1,"featured_media":0,"parent":0,"menu_order":0,"comment_status":"closed","ping_status":"closed","template":"","meta":{"footnotes":""},"class_list":["post-34","page","type-page","status-publish","hentry"],"yoast_head":"<!-- This site is optimized with the Yoast SEO plugin v26.3 - https:\/\/yoast.com\/wordpress\/plugins\/seo\/ -->\n<title>Hacienda Messanges :S\u00e9jours pr\u00e8s des Plages<\/title>\n<meta name=\"description\" content=\"Hacienda Messanges : R\u00e9servez votre chambre dans les Landes. H\u00e9bergement proche plages, oc\u00e9an, Biscarrosse, Biarritz.\" \/>\n<meta name=\"robots\" content=\"index, follow, max-snippet:-1, max-image-preview:large, max-video-preview:-1\" \/>\n<link rel=\"canonical\" href=\"https:\/\/hacienda-messanges.com\/en\/guest-house\/\" \/>\n<meta property=\"og:locale\" content=\"en_GB\" \/>\n<meta property=\"og:type\" content=\"article\" \/>\n<meta property=\"og:title\" content=\"Hacienda Messanges :S\u00e9jours pr\u00e8s des Plages\" \/>\n<meta property=\"og:description\" content=\"Hacienda Messanges : R\u00e9servez votre chambre dans les Landes. H\u00e9bergement proche plages, oc\u00e9an, Biscarrosse, Biarritz.\" \/>\n<meta property=\"og:url\" content=\"https:\/\/hacienda-messanges.com\/en\/guest-house\/\" \/>\n<meta property=\"og:site_name\" content=\"Hacienda Messanges\" \/>\n<meta property=\"article:modified_time\" content=\"2025-11-14T12:53:07+00:00\" \/>\n<meta property=\"og:image\" content=\"https:\/\/hacienda-messanges.com\/wp-content\/uploads\/2025\/11\/20170409_152801-1024x576.jpg\" \/>\n<meta name=\"twitter:card\" content=\"summary_large_image\" \/>\n<meta name=\"twitter:label1\" content=\"Estimated reading time\" \/>\n\t<meta name=\"twitter:data1\" content=\"4 minutes\" \/>\n<script type=\"application\/ld+json\" class=\"yoast-schema-graph\">{\"@context\":\"https:\/\/schema.org\",\"@graph\":[{\"@type\":\"WebPage\",\"@id\":\"https:\/\/hacienda-messanges.com\/maison-hotes\/\",\"url\":\"https:\/\/hacienda-messanges.com\/maison-hotes\/\",\"name\":\"Hacienda Messanges :S\u00e9jours pr\u00e8s des Plages\",\"isPartOf\":{\"@id\":\"https:\/\/hacienda-messanges.com\/#website\"},\"primaryImageOfPage\":{\"@id\":\"https:\/\/hacienda-messanges.com\/maison-hotes\/#primaryimage\"},\"image\":{\"@id\":\"https:\/\/hacienda-messanges.com\/maison-hotes\/#primaryimage\"},\"thumbnailUrl\":\"https:\/\/hacienda-messanges.com\/wp-content\/uploads\/2025\/11\/20170409_152801-1024x576.jpg\",\"datePublished\":\"2017-06-13T10:37:55+00:00\",\"dateModified\":\"2025-11-14T12:53:07+00:00\",\"description\":\"Hacienda Messanges : R\u00e9servez votre chambre dans les Landes. H\u00e9bergement proche plages, oc\u00e9an, Biscarrosse, Biarritz.\",\"breadcrumb\":{\"@id\":\"https:\/\/hacienda-messanges.com\/maison-hotes\/#breadcrumb\"},\"inLanguage\":\"en-GB\",\"potentialAction\":[{\"@type\":\"ReadAction\",\"target\":[\"https:\/\/hacienda-messanges.com\/maison-hotes\/\"]}]},{\"@type\":\"ImageObject\",\"inLanguage\":\"en-GB\",\"@id\":\"https:\/\/hacienda-messanges.com\/maison-hotes\/#primaryimage\",\"url\":\"https:\/\/hacienda-messanges.com\/wp-content\/uploads\/2025\/11\/20170409_152801-1024x576.jpg\",\"contentUrl\":\"https:\/\/hacienda-messanges.com\/wp-content\/uploads\/2025\/11\/20170409_152801-1024x576.jpg\"},{\"@type\":\"BreadcrumbList\",\"@id\":\"https:\/\/hacienda-messanges.com\/maison-hotes\/#breadcrumb\",\"itemListElement\":[{\"@type\":\"ListItem\",\"position\":1,\"name\":\"Home\",\"item\":\"https:\/\/hacienda-messanges.com\/\"},{\"@type\":\"ListItem\",\"position\":2,\"name\":\"L&rsquo;Hacienda Messanges\"}]},{\"@type\":\"WebSite\",\"@id\":\"https:\/\/hacienda-messanges.com\/#website\",\"url\":\"https:\/\/hacienda-messanges.com\/\",\"name\":\"Hacienda Messanges\",\"description\":\"\",\"potentialAction\":[{\"@type\":\"SearchAction\",\"target\":{\"@type\":\"EntryPoint\",\"urlTemplate\":\"https:\/\/hacienda-messanges.com\/?s={search_term_string}\"},\"query-input\":{\"@type\":\"PropertyValueSpecification\",\"valueRequired\":true,\"valueName\":\"search_term_string\"}}],\"inLanguage\":\"en-GB\"}]}<\/script>\n<!-- \/ Yoast SEO plugin. -->","yoast_head_json":{"title":"Hacienda Messanges :S\u00e9jours pr\u00e8s des Plages","description":"Hacienda Messanges : R\u00e9servez votre chambre dans les Landes. H\u00e9bergement proche plages, oc\u00e9an, Biscarrosse, Biarritz.","robots":{"index":"index","follow":"follow","max-snippet":"max-snippet:-1","max-image-preview":"max-image-preview:large","max-video-preview":"max-video-preview:-1"},"canonical":"https:\/\/hacienda-messanges.com\/en\/guest-house\/","og_locale":"en_GB","og_type":"article","og_title":"Hacienda Messanges :S\u00e9jours pr\u00e8s des Plages","og_description":"Hacienda Messanges : R\u00e9servez votre chambre dans les Landes. H\u00e9bergement proche plages, oc\u00e9an, Biscarrosse, Biarritz.","og_url":"https:\/\/hacienda-messanges.com\/en\/guest-house\/","og_site_name":"Hacienda Messanges","article_modified_time":"2025-11-14T12:53:07+00:00","og_image":[{"url":"https:\/\/hacienda-messanges.com\/wp-content\/uploads\/2025\/11\/20170409_152801-1024x576.jpg","type":"","width":"","height":""}],"twitter_card":"summary_large_image","twitter_misc":{"Estimated reading time":"4 minutes"},"schema":{"@context":"https:\/\/schema.org","@graph":[{"@type":"WebPage","@id":"https:\/\/hacienda-messanges.com\/maison-hotes\/","url":"https:\/\/hacienda-messanges.com\/maison-hotes\/","name":"Hacienda Messanges :S\u00e9jours pr\u00e8s des Plages","isPartOf":{"@id":"https:\/\/hacienda-messanges.com\/#website"},"primaryImageOfPage":{"@id":"https:\/\/hacienda-messanges.com\/maison-hotes\/#primaryimage"},"image":{"@id":"https:\/\/hacienda-messanges.com\/maison-hotes\/#primaryimage"},"thumbnailUrl":"https:\/\/hacienda-messanges.com\/wp-content\/uploads\/2025\/11\/20170409_152801-1024x576.jpg","datePublished":"2017-06-13T10:37:55+00:00","dateModified":"2025-11-14T12:53:07+00:00","description":"Hacienda Messanges : R\u00e9servez votre chambre dans les Landes. H\u00e9bergement proche plages, oc\u00e9an, Biscarrosse, Biarritz.","breadcrumb":{"@id":"https:\/\/hacienda-messanges.com\/maison-hotes\/#breadcrumb"},"inLanguage":"en-GB","potentialAction":[{"@type":"ReadAction","target":["https:\/\/hacienda-messanges.com\/maison-hotes\/"]}]},{"@type":"ImageObject","inLanguage":"en-GB","@id":"https:\/\/hacienda-messanges.com\/maison-hotes\/#primaryimage","url":"https:\/\/hacienda-messanges.com\/wp-content\/uploads\/2025\/11\/20170409_152801-1024x576.jpg","contentUrl":"https:\/\/hacienda-messanges.com\/wp-content\/uploads\/2025\/11\/20170409_152801-1024x576.jpg"},{"@type":"BreadcrumbList","@id":"https:\/\/hacienda-messanges.com\/maison-hotes\/#breadcrumb","itemListElement":[{"@type":"ListItem","position":1,"name":"Home","item":"https:\/\/hacienda-messanges.com\/"},{"@type":"ListItem","position":2,"name":"L&rsquo;Hacienda Messanges"}]},{"@type":"WebSite","@id":"https:\/\/hacienda-messanges.com\/#website","url":"https:\/\/hacienda-messanges.com\/","name":"Hacienda Messanges","description":"","potentialAction":[{"@type":"SearchAction","target":{"@type":"EntryPoint","urlTemplate":"https:\/\/hacienda-messanges.com\/?s={search_term_string}"},"query-input":{"@type":"PropertyValueSpecification","valueRequired":true,"valueName":"search_term_string"}}],"inLanguage":"en-GB"}]}},"_links":{"self":[{"href":"https:\/\/hacienda-messanges.com\/en\/wp-json\/wp\/v2\/pages\/34","targetHints":{"allow":["GET"]}}],"collection":[{"href":"https:\/\/hacienda-messanges.com\/en\/wp-json\/wp\/v2\/pages"}],"about":[{"href":"https:\/\/hacienda-messanges.com\/en\/wp-json\/wp\/v2\/types\/page"}],"author":[{"embeddable":true,"href":"https:\/\/hacienda-messanges.com\/en\/wp-json\/wp\/v2\/users\/1"}],"replies":[{"embeddable":true,"href":"https:\/\/hacienda-messanges.com\/en\/wp-json\/wp\/v2\/comments?post=34"}],"version-history":[{"count":192,"href":"https:\/\/hacienda-messanges.com\/en\/wp-json\/wp\/v2\/pages\/34\/revisions"}],"predecessor-version":[{"id":2161,"href":"https:\/\/hacienda-messanges.com\/en\/wp-json\/wp\/v2\/pages\/34\/revisions\/2161"}],"wp:attachment":[{"href":"https:\/\/hacienda-messanges.com\/en\/wp-json\/wp\/v2\/media?parent=34"}],"curies":[{"name":"wp","href":"https:\/\/api.w.org\/{rel}","templated":true}]}}