{"id":236,"date":"2017-06-21T12:51:52","date_gmt":"2017-06-21T12:51:52","guid":{"rendered":"http:\/\/hacienda-messanges.com\/?page_id=236"},"modified":"2025-11-14T12:56:11","modified_gmt":"2025-11-14T12:56:11","slug":"mentions-legales","status":"publish","type":"page","link":"https:\/\/hacienda-messanges.com\/es\/mentions-legales\/","title":{"rendered":"Mentions l\u00e9gales"},"content":{"rendered":"<p align=\"left\">Ce site internet est \u00e9dit\u00e9 par Phil Schneider &amp; Morgane Le Sausse<\/p>\n<p align=\"left\"><strong>H\u00e9bergement du site internet<\/strong> : 1and1.fr<\/p>\n<p align=\"left\">Conform\u00e9ment \u00e0 la loi Informatique et Libert\u00e9s en date du 6 janvier 1978, vous disposez d&rsquo;un droit d&rsquo;acc\u00e8s, de rectification, de modification et de suppression concernant les donn\u00e9es qui vous concernent. Vous pouvez exercer ce droit en envoyant un courrier.<\/p>\n<h2>Copyright<\/h2>\n<p>La loi fran\u00e7aise du 11 mars 1957 n&rsquo;autorise, aux termes des alin\u00e9as 2 et 3 de l&rsquo;article 41, d&rsquo;une part, que les \u00ab\u00a0copies ou reproductions strictement r\u00e9serv\u00e9es \u00e0 l&rsquo;usage priv\u00e9 du copiste et non destin\u00e9es \u00e0 une utilisation collective\u00a0\u00bb et, d&rsquo;autre part, que les analyses et les courtes citations dans un but d&rsquo;exemple et d&rsquo;illustration (\u00ab\u00a0toute repr\u00e9sentation ou reproduction int\u00e9grale, ou partielle, faite sans le consentement de l&rsquo;auteur ou de ses ayants droit ou ayants cause, est illicite\u00a0\u00bb &#8211; alin\u00e9a 1er de l&rsquo;article 40).<br \/>\nToute repr\u00e9sentation ou reproduction abusive du site <strong>L'Hacienda<\/strong>\u00a0par quelque proc\u00e9dure que ce soit, constituerait donc une contrefa\u00e7on sanctionn\u00e9e par les articles 425 et suivants du Code p\u00e9nal. Les textes mis en ligne sur le site, sauf mentions particuli\u00e8res, sont la propri\u00e9t\u00e9 intellectuelle et l\u00e9gale de son auteur. Sauf accord express, le site n&rsquo;autorise que la reproduction du texte avec un lien direct (http:\/\/www.Hacienda-messanges<strong>.com<\/strong>, sans utiliser de <em>frame<\/em> ou de redirection). Dans tous les cas, ces textes originaux ne peuvent \u00eatre cit\u00e9s qu&rsquo;\u00e0 condition de pr\u00e9venir l&rsquo;auteur.<br \/>\nLes liens pr\u00e9sents sur ce site peuvent orienter l&rsquo;utilisateur sur des sites ext\u00e9rieurs dont le contenu ne peut en aucune mani\u00e8re engager la responsabilit\u00e9 de la r\u00e9daction du site.<br \/>\nEnfin, toutes les marques cit\u00e9es appartiennent \u00e0 leurs auteurs respectifs, ainsi que leurs logos sont des marques d\u00e9pos\u00e9es.<\/p>\n<h2>Cr\u00e9dits et Cr\u00e9ation de site<\/h2>\n<p>Photographies (tous droits r\u00e9serv\u00e9s) :<br \/>\nC\u00e9line Hamelin Photographies<\/p>\n<p>Images A\u00e9rienne : Olivier Le grand \/\u00a0Get up film.<\/p>\n<p>Site web : Phil Schneider.<br \/>\n<a href=\"https:\/\/bluedooragency.com\/\">Blue Door Agency<\/a>.<\/p>\n<p>Texte et traduction : Morgane Le Sausse et Hannah Chittenden<\/p>","protected":false},"excerpt":{"rendered":"<p>Ce site internet est \u00e9dit\u00e9 par Phil Schneider &amp; Morgane Le Sausse H\u00e9bergement du site internet : 1and1.fr Conform\u00e9ment \u00e0 la loi Informatique et Libert\u00e9s en date du 6 janvier 1978, vous disposez d&rsquo;un droit d&rsquo;acc\u00e8s, de rectification, de modification et de suppression concernant les donn\u00e9es qui vous concernent. Vous pouvez exercer ce droit en [&hellip;]<\/p>","protected":false},"author":1,"featured_media":0,"parent":0,"menu_order":0,"comment_status":"closed","ping_status":"closed","template":"","meta":{"footnotes":""},"class_list":["post-236","page","type-page","status-publish","hentry"],"yoast_head":"<!-- This site is optimized with the Yoast SEO plugin v26.3 - https:\/\/yoast.com\/wordpress\/plugins\/seo\/ -->\n<title>[:fr]Une maison d&#039;h\u00f4tes au coeur de la foret mention l\u00e9gales [:]<\/title>\n<meta name=\"robots\" content=\"noindex, nofollow\" \/>\n<meta property=\"og:locale\" content=\"es_ES\" \/>\n<meta property=\"og:type\" content=\"article\" \/>\n<meta property=\"og:title\" content=\"[:fr]Une maison d&#039;h\u00f4tes au coeur de la foret mention l\u00e9gales [:]\" \/>\n<meta property=\"og:description\" content=\"Ce site internet est \u00e9dit\u00e9 par Phil Schneider &amp; Morgane Le Sausse H\u00e9bergement du site internet : 1and1.fr Conform\u00e9ment \u00e0 la loi Informatique et Libert\u00e9s en date du 6 janvier 1978, vous disposez d&rsquo;un droit d&rsquo;acc\u00e8s, de rectification, de modification et de suppression concernant les donn\u00e9es qui vous concernent. Vous pouvez exercer ce droit en [&hellip;]\" \/>\n<meta property=\"og:url\" content=\"http:\/\/hacienda-messanges.com\/es\/mentions-legales\/\" \/>\n<meta property=\"og:site_name\" content=\"Hacienda Messanges\" \/>\n<meta property=\"article:modified_time\" content=\"2025-11-14T12:56:11+00:00\" \/>\n<meta name=\"twitter:card\" content=\"summary_large_image\" \/>\n<meta name=\"twitter:label1\" content=\"Tiempo de lectura\" \/>\n\t<meta name=\"twitter:data1\" content=\"2 minutos\" \/>\n<script type=\"application\/ld+json\" class=\"yoast-schema-graph\">{\"@context\":\"https:\/\/schema.org\",\"@graph\":[{\"@type\":\"WebPage\",\"@id\":\"http:\/\/hacienda-messanges.com\/es\/mentions-legales\/\",\"url\":\"http:\/\/hacienda-messanges.com\/es\/mentions-legales\/\",\"name\":\"[:fr]Une maison d'h\u00f4tes au coeur de la foret mention l\u00e9gales [:]\",\"isPartOf\":{\"@id\":\"https:\/\/hacienda-messanges.com\/#website\"},\"datePublished\":\"2017-06-21T12:51:52+00:00\",\"dateModified\":\"2025-11-14T12:56:11+00:00\",\"breadcrumb\":{\"@id\":\"http:\/\/hacienda-messanges.com\/es\/mentions-legales\/#breadcrumb\"},\"inLanguage\":\"es\",\"potentialAction\":[{\"@type\":\"ReadAction\",\"target\":[\"http:\/\/hacienda-messanges.com\/es\/mentions-legales\/\"]}]},{\"@type\":\"BreadcrumbList\",\"@id\":\"http:\/\/hacienda-messanges.com\/es\/mentions-legales\/#breadcrumb\",\"itemListElement\":[{\"@type\":\"ListItem\",\"position\":1,\"name\":\"Home\",\"item\":\"https:\/\/hacienda-messanges.com\/\"},{\"@type\":\"ListItem\",\"position\":2,\"name\":\"Mentions l\u00e9gales\"}]},{\"@type\":\"WebSite\",\"@id\":\"https:\/\/hacienda-messanges.com\/#website\",\"url\":\"https:\/\/hacienda-messanges.com\/\",\"name\":\"Hacienda Messanges\",\"description\":\"\",\"potentialAction\":[{\"@type\":\"SearchAction\",\"target\":{\"@type\":\"EntryPoint\",\"urlTemplate\":\"https:\/\/hacienda-messanges.com\/?s={search_term_string}\"},\"query-input\":{\"@type\":\"PropertyValueSpecification\",\"valueRequired\":true,\"valueName\":\"search_term_string\"}}],\"inLanguage\":\"es\"}]}<\/script>\n<!-- \/ Yoast SEO plugin. -->","yoast_head_json":{"title":"[:fr]Une maison d'h\u00f4tes au coeur de la foret mention l\u00e9gales [:]","robots":{"index":"noindex","follow":"nofollow"},"og_locale":"es_ES","og_type":"article","og_title":"[:fr]Une maison d'h\u00f4tes au coeur de la foret mention l\u00e9gales [:]","og_description":"Ce site internet est \u00e9dit\u00e9 par Phil Schneider &amp; Morgane Le Sausse H\u00e9bergement du site internet : 1and1.fr Conform\u00e9ment \u00e0 la loi Informatique et Libert\u00e9s en date du 6 janvier 1978, vous disposez d&rsquo;un droit d&rsquo;acc\u00e8s, de rectification, de modification et de suppression concernant les donn\u00e9es qui vous concernent. Vous pouvez exercer ce droit en [&hellip;]","og_url":"http:\/\/hacienda-messanges.com\/es\/mentions-legales\/","og_site_name":"Hacienda Messanges","article_modified_time":"2025-11-14T12:56:11+00:00","twitter_card":"summary_large_image","twitter_misc":{"Tiempo de lectura":"2 minutos"},"schema":{"@context":"https:\/\/schema.org","@graph":[{"@type":"WebPage","@id":"http:\/\/hacienda-messanges.com\/es\/mentions-legales\/","url":"http:\/\/hacienda-messanges.com\/es\/mentions-legales\/","name":"[:fr]Une maison d'h\u00f4tes au coeur de la foret mention l\u00e9gales [:]","isPartOf":{"@id":"https:\/\/hacienda-messanges.com\/#website"},"datePublished":"2017-06-21T12:51:52+00:00","dateModified":"2025-11-14T12:56:11+00:00","breadcrumb":{"@id":"http:\/\/hacienda-messanges.com\/es\/mentions-legales\/#breadcrumb"},"inLanguage":"es","potentialAction":[{"@type":"ReadAction","target":["http:\/\/hacienda-messanges.com\/es\/mentions-legales\/"]}]},{"@type":"BreadcrumbList","@id":"http:\/\/hacienda-messanges.com\/es\/mentions-legales\/#breadcrumb","itemListElement":[{"@type":"ListItem","position":1,"name":"Home","item":"https:\/\/hacienda-messanges.com\/"},{"@type":"ListItem","position":2,"name":"Mentions l\u00e9gales"}]},{"@type":"WebSite","@id":"https:\/\/hacienda-messanges.com\/#website","url":"https:\/\/hacienda-messanges.com\/","name":"Hacienda Messanges","description":"","potentialAction":[{"@type":"SearchAction","target":{"@type":"EntryPoint","urlTemplate":"https:\/\/hacienda-messanges.com\/?s={search_term_string}"},"query-input":{"@type":"PropertyValueSpecification","valueRequired":true,"valueName":"search_term_string"}}],"inLanguage":"es"}]}},"_links":{"self":[{"href":"https:\/\/hacienda-messanges.com\/es\/wp-json\/wp\/v2\/pages\/236","targetHints":{"allow":["GET"]}}],"collection":[{"href":"https:\/\/hacienda-messanges.com\/es\/wp-json\/wp\/v2\/pages"}],"about":[{"href":"https:\/\/hacienda-messanges.com\/es\/wp-json\/wp\/v2\/types\/page"}],"author":[{"embeddable":true,"href":"https:\/\/hacienda-messanges.com\/es\/wp-json\/wp\/v2\/users\/1"}],"replies":[{"embeddable":true,"href":"https:\/\/hacienda-messanges.com\/es\/wp-json\/wp\/v2\/comments?post=236"}],"version-history":[{"count":11,"href":"https:\/\/hacienda-messanges.com\/es\/wp-json\/wp\/v2\/pages\/236\/revisions"}],"predecessor-version":[{"id":1880,"href":"https:\/\/hacienda-messanges.com\/es\/wp-json\/wp\/v2\/pages\/236\/revisions\/1880"}],"wp:attachment":[{"href":"https:\/\/hacienda-messanges.com\/es\/wp-json\/wp\/v2\/media?parent=236"}],"curies":[{"name":"wp","href":"https:\/\/api.w.org\/{rel}","templated":true}]}}