{"id":50,"date":"2017-06-13T10:51:29","date_gmt":"2017-06-13T10:51:29","guid":{"rendered":"http:\/\/hacienda-messanges.com\/?page_id=50"},"modified":"2025-11-14T13:06:34","modified_gmt":"2025-11-14T13:06:34","slug":"surf-y-actividades","status":"publish","type":"page","link":"https:\/\/hacienda-messanges.com\/es\/surf-y-actividades\/","title":{"rendered":"Actividades"},"content":{"rendered":"<div data-elementor-type=\"wp-page\" data-elementor-id=\"50\" class=\"elementor elementor-50\" data-elementor-post-type=\"page\">\n\t\t\t\t\t\t<section class=\"elementor-section elementor-top-section elementor-element elementor-element-13f3478 elementor-hidden-desktop elementor-hidden-tablet elementor-section-boxed elementor-section-height-default elementor-section-height-default\" data-id=\"13f3478\" data-element_type=\"section\">\n\t\t\t\t\t\t<div class=\"elementor-container elementor-column-gap-default\">\n\t\t\t\t\t<div class=\"elementor-column elementor-col-100 elementor-top-column elementor-element elementor-element-defb4fa\" data-id=\"defb4fa\" data-element_type=\"column\">\n\t\t\t<div class=\"elementor-widget-wrap elementor-element-populated\">\n\t\t\t\t\t\t<div class=\"elementor-element elementor-element-1e30b44 elementor-widget elementor-widget-image\" data-id=\"1e30b44\" data-element_type=\"widget\" data-widget_type=\"image.default\">\n\t\t\t\t<div class=\"elementor-widget-container\">\n\t\t\t\t\t\t\t\t\t\t\t\t\t\t\t<img fetchpriority=\"high\" decoding=\"async\" width=\"800\" height=\"538\" src=\"https:\/\/hacienda-messanges.com\/wp-content\/uploads\/2020\/01\/sunset-beach-woman-water-111085-1024x689.jpg\" class=\"attachment-large size-large wp-image-1468\" alt=\"Activities\" srcset=\"https:\/\/hacienda-messanges.com\/wp-content\/uploads\/2020\/01\/sunset-beach-woman-water-111085-1024x689.jpg 1024w, https:\/\/hacienda-messanges.com\/wp-content\/uploads\/2020\/01\/sunset-beach-woman-water-111085-300x202.jpg 300w, https:\/\/hacienda-messanges.com\/wp-content\/uploads\/2020\/01\/sunset-beach-woman-water-111085-768x517.jpg 768w, https:\/\/hacienda-messanges.com\/wp-content\/uploads\/2020\/01\/sunset-beach-woman-water-111085-1536x1033.jpg 1536w, https:\/\/hacienda-messanges.com\/wp-content\/uploads\/2020\/01\/sunset-beach-woman-water-111085-2048x1378.jpg 2048w, https:\/\/hacienda-messanges.com\/wp-content\/uploads\/2020\/01\/sunset-beach-woman-water-111085-400x270.jpg 400w\" sizes=\"(max-width: 800px) 100vw, 800px\" \/>\t\t\t\t\t\t\t\t\t\t\t\t\t\t\t<\/div>\n\t\t\t\t<\/div>\n\t\t\t\t<div class=\"elementor-element elementor-element-f68ec59 elementor-widget elementor-widget-image\" data-id=\"f68ec59\" data-element_type=\"widget\" data-widget_type=\"image.default\">\n\t\t\t\t<div class=\"elementor-widget-container\">\n\t\t\t\t\t\t\t\t\t\t\t\t\t\t\t<img decoding=\"async\" width=\"800\" height=\"391\" src=\"https:\/\/hacienda-messanges.com\/wp-content\/uploads\/2025\/11\/Hacienda_AtisErics_Photography_2018_020.jpg\" class=\"attachment-large size-large wp-image-2006\" alt=\"\" srcset=\"https:\/\/hacienda-messanges.com\/wp-content\/uploads\/2025\/11\/Hacienda_AtisErics_Photography_2018_020.jpg 1024w, https:\/\/hacienda-messanges.com\/wp-content\/uploads\/2025\/11\/Hacienda_AtisErics_Photography_2018_020-300x146.jpg 300w, https:\/\/hacienda-messanges.com\/wp-content\/uploads\/2025\/11\/Hacienda_AtisErics_Photography_2018_020-768x375.jpg 768w, https:\/\/hacienda-messanges.com\/wp-content\/uploads\/2025\/11\/Hacienda_AtisErics_Photography_2018_020-18x9.jpg 18w\" sizes=\"(max-width: 800px) 100vw, 800px\" \/>\t\t\t\t\t\t\t\t\t\t\t\t\t\t\t<\/div>\n\t\t\t\t<\/div>\n\t\t\t\t\t<\/div>\n\t\t<\/div>\n\t\t\t\t\t<\/div>\n\t\t<\/section>\n\t\t\t\t<section class=\"elementor-section elementor-top-section elementor-element elementor-element-26e26f72 elementor-section-boxed elementor-section-height-default elementor-section-height-default\" data-id=\"26e26f72\" data-element_type=\"section\" data-settings=\"{&quot;background_background&quot;:&quot;classic&quot;}\">\n\t\t\t\t\t\t\t<div class=\"elementor-background-overlay\"><\/div>\n\t\t\t\t\t\t\t<div class=\"elementor-container elementor-column-gap-no\">\n\t\t\t\t\t<div class=\"elementor-column elementor-col-50 elementor-top-column elementor-element elementor-element-24bbcbfd elementor-hidden-mobile\" data-id=\"24bbcbfd\" data-element_type=\"column\">\n\t\t\t<div class=\"elementor-widget-wrap elementor-element-populated\">\n\t\t\t\t\t\t<div class=\"elementor-element elementor-element-392857f9 elementor-widget elementor-widget-spacer\" data-id=\"392857f9\" data-element_type=\"widget\" data-widget_type=\"spacer.default\">\n\t\t\t\t<div class=\"elementor-widget-container\">\n\t\t\t\t\t\t\t<div class=\"elementor-spacer\">\n\t\t\t<div class=\"elementor-spacer-inner\"><\/div>\n\t\t<\/div>\n\t\t\t\t\t\t<\/div>\n\t\t\t\t<\/div>\n\t\t\t\t<div class=\"elementor-element elementor-element-6a11901b elementor-widget__width-initial elementor-absolute elementor-widget-tablet__width-initial elementor-hidden-phone elementor-widget elementor-widget-image\" data-id=\"6a11901b\" data-element_type=\"widget\" data-settings=\"{&quot;_position&quot;:&quot;absolute&quot;}\" data-widget_type=\"image.default\">\n\t\t\t\t<div class=\"elementor-widget-container\">\n\t\t\t\t\t\t\t\t\t\t\t\t\t\t\t\t<a href=\"https:\/\/hacienda-messanges.com\/wp-content\/uploads\/2022\/04\/IMG_20210422_205454-scaled.jpg\" data-elementor-open-lightbox=\"yes\" data-elementor-lightbox-title=\"IMG_20210422_205454\" data-e-action-hash=\"#elementor-action%3Aaction%3Dlightbox%26settings%3DeyJpZCI6MTYyNSwidXJsIjoiaHR0cHM6XC9cL2hhY2llbmRhLW1lc3Nhbmdlcy5jb21cL3dwLWNvbnRlbnRcL3VwbG9hZHNcLzIwMjJcLzA0XC9JTUdfMjAyMTA0MjJfMjA1NDU0LXNjYWxlZC5qcGcifQ%3D%3D\">\n\t\t\t\t\t\t\t<img decoding=\"async\" width=\"800\" height=\"600\" src=\"https:\/\/hacienda-messanges.com\/wp-content\/uploads\/2022\/04\/IMG_20210422_205454-1024x768.jpg\" class=\"attachment-large size-large wp-image-1625\" alt=\"\" srcset=\"https:\/\/hacienda-messanges.com\/wp-content\/uploads\/2022\/04\/IMG_20210422_205454-1024x768.jpg 1024w, https:\/\/hacienda-messanges.com\/wp-content\/uploads\/2022\/04\/IMG_20210422_205454-300x225.jpg 300w, https:\/\/hacienda-messanges.com\/wp-content\/uploads\/2022\/04\/IMG_20210422_205454-768x576.jpg 768w, https:\/\/hacienda-messanges.com\/wp-content\/uploads\/2022\/04\/IMG_20210422_205454-1536x1152.jpg 1536w, https:\/\/hacienda-messanges.com\/wp-content\/uploads\/2022\/04\/IMG_20210422_205454-2048x1536.jpg 2048w\" sizes=\"(max-width: 800px) 100vw, 800px\" \/>\t\t\t\t\t\t\t\t<\/a>\n\t\t\t\t\t\t\t\t\t\t\t\t\t\t\t<\/div>\n\t\t\t\t<\/div>\n\t\t\t\t<div class=\"elementor-element elementor-element-1c4c8130 elementor-absolute elementor-widget__width-initial elementor-widget elementor-widget-heading\" data-id=\"1c4c8130\" data-element_type=\"widget\" data-settings=\"{&quot;_position&quot;:&quot;absolute&quot;}\" data-widget_type=\"heading.default\">\n\t\t\t\t<div class=\"elementor-widget-container\">\n\t\t\t\t\t<h1 class=\"elementor-heading-title elementor-size-default\">La decoraci\u00f3n retro evoca nuestros preciosos recuerdos de la infancia y da la impresi\u00f3n de estar de vacaciones en casa de nuestros abuelos.<\/h1>\t\t\t\t<\/div>\n\t\t\t\t<\/div>\n\t\t\t\t<div class=\"elementor-element elementor-element-40b8bce8 elementor-widget__width-initial elementor-absolute elementor-hidden-phone elementor-widget elementor-widget-image\" data-id=\"40b8bce8\" data-element_type=\"widget\" data-settings=\"{&quot;_position&quot;:&quot;absolute&quot;}\" data-widget_type=\"image.default\">\n\t\t\t\t<div class=\"elementor-widget-container\">\n\t\t\t\t\t\t\t\t\t\t\t\t\t\t\t\t<a href=\"https:\/\/hacienda-messanges.com\/wp-content\/uploads\/2020\/04\/beach-foam-landscape-nature-533923-scaled.jpg\" data-elementor-open-lightbox=\"yes\" data-elementor-lightbox-title=\"louer la maison\" data-e-action-hash=\"#elementor-action%3Aaction%3Dlightbox%26settings%3DeyJpZCI6MTU1NSwidXJsIjoiaHR0cHM6XC9cL2hhY2llbmRhLW1lc3Nhbmdlcy5jb21cL3dwLWNvbnRlbnRcL3VwbG9hZHNcLzIwMjBcLzA0XC9iZWFjaC1mb2FtLWxhbmRzY2FwZS1uYXR1cmUtNTMzOTIzLXNjYWxlZC5qcGcifQ%3D%3D\">\n\t\t\t\t\t\t\t<img loading=\"lazy\" decoding=\"async\" width=\"800\" height=\"640\" src=\"https:\/\/hacienda-messanges.com\/wp-content\/uploads\/2020\/04\/beach-foam-landscape-nature-533923-1024x819.jpg\" class=\"attachment-large size-large wp-image-1555\" alt=\"alquilar la casa\" srcset=\"https:\/\/hacienda-messanges.com\/wp-content\/uploads\/2020\/04\/beach-foam-landscape-nature-533923-1024x819.jpg 1024w, https:\/\/hacienda-messanges.com\/wp-content\/uploads\/2020\/04\/beach-foam-landscape-nature-533923-300x240.jpg 300w, https:\/\/hacienda-messanges.com\/wp-content\/uploads\/2020\/04\/beach-foam-landscape-nature-533923-768x614.jpg 768w, https:\/\/hacienda-messanges.com\/wp-content\/uploads\/2020\/04\/beach-foam-landscape-nature-533923-1536x1229.jpg 1536w, https:\/\/hacienda-messanges.com\/wp-content\/uploads\/2020\/04\/beach-foam-landscape-nature-533923-2048x1638.jpg 2048w\" sizes=\"(max-width: 800px) 100vw, 800px\" \/>\t\t\t\t\t\t\t\t<\/a>\n\t\t\t\t\t\t\t\t\t\t\t\t\t\t\t<\/div>\n\t\t\t\t<\/div>\n\t\t\t\t<div class=\"elementor-element elementor-element-6b95fe20 elementor-widget__width-initial elementor-absolute elementor-widget-mobile__width-initial elementor-widget elementor-widget-image\" data-id=\"6b95fe20\" data-element_type=\"widget\" data-settings=\"{&quot;_position&quot;:&quot;absolute&quot;}\" data-widget_type=\"image.default\">\n\t\t\t\t<div class=\"elementor-widget-container\">\n\t\t\t\t\t\t\t\t\t\t\t\t\t\t\t\t<a href=\"https:\/\/hacienda-messanges.com\/wp-content\/uploads\/2025\/11\/Hacienda_AtisErics_Photography_2018_020.jpg\" data-elementor-open-lightbox=\"yes\" data-elementor-lightbox-title=\"Hacienda_AtisErics_Photography_2018_020\" data-e-action-hash=\"#elementor-action%3Aaction%3Dlightbox%26settings%3DeyJpZCI6MjAwNiwidXJsIjoiaHR0cHM6XC9cL2hhY2llbmRhLW1lc3Nhbmdlcy5jb21cL3dwLWNvbnRlbnRcL3VwbG9hZHNcLzIwMjVcLzExXC9IYWNpZW5kYV9BdGlzRXJpY3NfUGhvdG9ncmFwaHlfMjAxOF8wMjAuanBnIn0%3D\">\n\t\t\t\t\t\t\t<img decoding=\"async\" width=\"800\" height=\"391\" src=\"https:\/\/hacienda-messanges.com\/wp-content\/uploads\/2025\/11\/Hacienda_AtisErics_Photography_2018_020.jpg\" class=\"attachment-large size-large wp-image-2006\" alt=\"\" srcset=\"https:\/\/hacienda-messanges.com\/wp-content\/uploads\/2025\/11\/Hacienda_AtisErics_Photography_2018_020.jpg 1024w, https:\/\/hacienda-messanges.com\/wp-content\/uploads\/2025\/11\/Hacienda_AtisErics_Photography_2018_020-300x146.jpg 300w, https:\/\/hacienda-messanges.com\/wp-content\/uploads\/2025\/11\/Hacienda_AtisErics_Photography_2018_020-768x375.jpg 768w, https:\/\/hacienda-messanges.com\/wp-content\/uploads\/2025\/11\/Hacienda_AtisErics_Photography_2018_020-18x9.jpg 18w\" sizes=\"(max-width: 800px) 100vw, 800px\" \/>\t\t\t\t\t\t\t\t<\/a>\n\t\t\t\t\t\t\t\t\t\t\t\t\t\t\t<\/div>\n\t\t\t\t<\/div>\n\t\t\t\t\t<\/div>\n\t\t<\/div>\n\t\t\t\t<div class=\"elementor-column elementor-col-50 elementor-top-column elementor-element elementor-element-1d8646d\" data-id=\"1d8646d\" data-element_type=\"column\">\n\t\t\t<div class=\"elementor-widget-wrap elementor-element-populated\">\n\t\t\t\t\t\t<div class=\"elementor-element elementor-element-52ff0418 elementor-widget elementor-widget-heading\" data-id=\"52ff0418\" data-element_type=\"widget\" data-widget_type=\"heading.default\">\n\t\t\t\t<div class=\"elementor-widget-container\">\n\t\t\t\t\t<h2 class=\"elementor-heading-title elementor-size-default\">Bienvenido a L'hacienda en Messanges<\/h2>\t\t\t\t<\/div>\n\t\t\t\t<\/div>\n\t\t\t\t<div class=\"elementor-element elementor-element-39a6200c elementor-widget elementor-widget-text-editor\" data-id=\"39a6200c\" data-element_type=\"widget\" data-widget_type=\"text-editor.default\">\n\t\t\t\t<div class=\"elementor-widget-container\">\n\t\t\t\t\t\t\t\t\t<p>Hay multitud de actividades para disfrutar y descubrir esta fabulosa regi\u00f3n.<\/p><p><a href=\"https:\/\/www.landesatlantiquesud.com\/messanges\/#activites\">https:\/\/www.landesatlantiquesud.com\/messanges\/#activites<\/a><\/p><p><a href=\"https:\/\/www.landesatlantiquesud.com\/inspiration\/royaume-surf\/\"><strong>Surf<\/strong><\/a> \u00a1por supuesto! Las famosas olas de la costa oeste y kil\u00f3metros para disfrutarlas.<\/p><p>Muchos <a href=\"https:\/\/www.landesatlantiquesud.com\/a-faire\/velo-et-balade\/itineraires-velo-et-pedestre\/\"><strong>carriles bici \u00a0 <\/strong><\/a>autour de la maison.<\/p><p>La <a href=\"https:\/\/www.lavelodyssee.com\/troncons\/leon-bayonne\"><strong>V\u00e9lodyss\u00e9e<\/strong><\/a> en las inmediaciones de la casa.  Nuestro socio m\u00e1s cercano<a href=\"https:\/\/www.cyclatlantic.fr\/accueil\/\"> Cycl'Atlantic<\/a> puede entregar las bicicletas en su domicilio.<\/p><p><strong>Puntos de agua<a href=\"https:\/\/www.landesatlantiquesud.com\/a-faire\/surf-et-glisse-landes\/\">paddleboarding y deportes acu\u00e1ticos<\/a>,<\/strong> le Lac d\u2019Azur, le lac de Soustons,\u00a0 les Etangs de Moisan et de la Prade. l\u2019Ocean!\u00a0<\/p><p>Options pour tous, petits et grands, vagues ou sans vague, calme ou pleine de rencontres.<\/p>\t\t\t\t\t\t\t\t<\/div>\n\t\t\t\t<\/div>\n\t\t\t\t\t<\/div>\n\t\t<\/div>\n\t\t\t\t\t<\/div>\n\t\t<\/section>\n\t\t\t\t<section class=\"elementor-section elementor-top-section elementor-element elementor-element-6a5c12fb elementor-section-boxed elementor-section-height-default elementor-section-height-default\" data-id=\"6a5c12fb\" data-element_type=\"section\">\n\t\t\t\t\t\t<div class=\"elementor-container elementor-column-gap-default\">\n\t\t\t\t\t<div class=\"elementor-column elementor-col-100 elementor-top-column elementor-element elementor-element-10a507fc\" data-id=\"10a507fc\" data-element_type=\"column\">\n\t\t\t<div class=\"elementor-widget-wrap elementor-element-populated\">\n\t\t\t\t\t\t<div class=\"elementor-element elementor-element-67bf388d elementor-widget elementor-widget-text-editor\" data-id=\"67bf388d\" data-element_type=\"widget\" data-widget_type=\"text-editor.default\">\n\t\t\t\t<div class=\"elementor-widget-container\">\n\t\t\t\t\t\t\t\t\t<p><a href=\"http:\/\/www.adrenalineparc.fr\"><strong>Parque L'Adr\u00e9naline<\/strong><\/a> en Moliets, a 1 km de la casa, existe desde 1987. Un equipo entusiasta de profesionales experimentados le espera para ayudarle a descubrir toda una gama de actividades, como paintball, accro-branche, quads, minimotos, camas el\u00e1sticas, bolsas de aire y catapultas. Una experiencia llena de adrenalina.<\/p><p><a href=\"https:\/\/www.landesatlantiquesud.com\/destination\/lieux-spots-landes\/messanges\/\"><strong>Las playas de las Landas<\/strong><\/a>, Por supuesto.<\/p><p>Vous trouverez toutes les infos sur les plages surveill\u00e9es et les horaires de surveillances de plages ainsi que les acc\u00e8s sur le site de la ville de Messanges et \u00e0 la maison bien entendu.<\/p><p><a href=\"https:\/\/www.landesatlantiquesud.com\/?s=plages+messanges\">https:\/\/www.landesatlantiquesud.com\/?s=plages+messanges<\/a><\/p>\t\t\t\t\t\t\t\t<\/div>\n\t\t\t\t<\/div>\n\t\t\t\t\t<\/div>\n\t\t<\/div>\n\t\t\t\t\t<\/div>\n\t\t<\/section>\n\t\t\t\t<\/div>","protected":false},"excerpt":{"rendered":"<p>La d\u00e9co r\u00e9tro rappelle nos pr\u00e9cieux souvenirs d\u2019enfance et donne l\u2019impression d\u2019\u00eatre en vacances dans la maison de nos grands parents. Bienvenue \u00e0 L&rsquo;hacienda \u00e0 Messanges Il y a une multitude d&rsquo;activit\u00e9s pour profiter et d\u00e9couvrir cette fabuleuse r\u00e9gion. https:\/\/www.landesatlantiquesud.com\/messanges\/#activites Le Surf bien s\u00fbr! Les fameuses vagues de la c\u00f4te ouest et des kilom\u00e8tres pour [&hellip;]<\/p>","protected":false},"author":1,"featured_media":0,"parent":0,"menu_order":0,"comment_status":"closed","ping_status":"closed","template":"","meta":{"footnotes":""},"class_list":["post-50","page","type-page","status-publish","hentry"],"yoast_head":"<!-- This site is optimized with the Yoast SEO plugin v26.3 - https:\/\/yoast.com\/wordpress\/plugins\/seo\/ -->\n<title>Activit\u00e9s en maison d&#039;h\u00f4tes avec piscine pr\u00e8s de la plage<\/title>\n<meta name=\"description\" content=\"Maison d&#039;h\u00f4tes avec piscine chauff\u00e9e au coeur de la for\u00eat landaise \u00e0 500m de la v\u00e9lodys\u00e9e, au beau milieu du royaume du surf\" \/>\n<meta name=\"robots\" content=\"index, follow, max-snippet:-1, max-image-preview:large, max-video-preview:-1\" \/>\n<link rel=\"canonical\" href=\"https:\/\/hacienda-messanges.com\/es\/surf-y-actividades\/\" \/>\n<meta property=\"og:locale\" content=\"es_ES\" \/>\n<meta property=\"og:type\" content=\"article\" \/>\n<meta property=\"og:title\" content=\"Activit\u00e9s en maison d&#039;h\u00f4tes avec piscine pr\u00e8s de la plage\" \/>\n<meta property=\"og:description\" content=\"Maison d&#039;h\u00f4tes avec piscine chauff\u00e9e au coeur de la for\u00eat landaise \u00e0 500m de la v\u00e9lodys\u00e9e, au beau milieu du royaume du surf\" \/>\n<meta property=\"og:url\" content=\"https:\/\/hacienda-messanges.com\/es\/surf-y-actividades\/\" \/>\n<meta property=\"og:site_name\" content=\"Hacienda Messanges\" \/>\n<meta property=\"article:modified_time\" content=\"2025-11-14T13:06:34+00:00\" \/>\n<meta property=\"og:image\" content=\"https:\/\/hacienda-messanges.com\/wp-content\/uploads\/2020\/01\/sunset-beach-woman-water-111085-1024x689.jpg\" \/>\n<meta name=\"twitter:card\" content=\"summary_large_image\" \/>\n<meta name=\"twitter:label1\" content=\"Tiempo de lectura\" \/>\n\t<meta name=\"twitter:data1\" content=\"3 minutos\" \/>\n<script type=\"application\/ld+json\" class=\"yoast-schema-graph\">{\"@context\":\"https:\/\/schema.org\",\"@graph\":[{\"@type\":\"WebPage\",\"@id\":\"https:\/\/hacienda-messanges.com\/surf-et-activites\/\",\"url\":\"https:\/\/hacienda-messanges.com\/surf-et-activites\/\",\"name\":\"Activit\u00e9s en maison d'h\u00f4tes avec piscine pr\u00e8s de la plage\",\"isPartOf\":{\"@id\":\"https:\/\/hacienda-messanges.com\/#website\"},\"primaryImageOfPage\":{\"@id\":\"https:\/\/hacienda-messanges.com\/surf-et-activites\/#primaryimage\"},\"image\":{\"@id\":\"https:\/\/hacienda-messanges.com\/surf-et-activites\/#primaryimage\"},\"thumbnailUrl\":\"https:\/\/hacienda-messanges.com\/wp-content\/uploads\/2020\/01\/sunset-beach-woman-water-111085-1024x689.jpg\",\"datePublished\":\"2017-06-13T10:51:29+00:00\",\"dateModified\":\"2025-11-14T13:06:34+00:00\",\"description\":\"Maison d'h\u00f4tes avec piscine chauff\u00e9e au coeur de la for\u00eat landaise \u00e0 500m de la v\u00e9lodys\u00e9e, au beau milieu du royaume du surf\",\"breadcrumb\":{\"@id\":\"https:\/\/hacienda-messanges.com\/surf-et-activites\/#breadcrumb\"},\"inLanguage\":\"es\",\"potentialAction\":[{\"@type\":\"ReadAction\",\"target\":[\"https:\/\/hacienda-messanges.com\/surf-et-activites\/\"]}]},{\"@type\":\"ImageObject\",\"inLanguage\":\"es\",\"@id\":\"https:\/\/hacienda-messanges.com\/surf-et-activites\/#primaryimage\",\"url\":\"https:\/\/hacienda-messanges.com\/wp-content\/uploads\/2020\/01\/sunset-beach-woman-water-111085-1024x689.jpg\",\"contentUrl\":\"https:\/\/hacienda-messanges.com\/wp-content\/uploads\/2020\/01\/sunset-beach-woman-water-111085-1024x689.jpg\"},{\"@type\":\"BreadcrumbList\",\"@id\":\"https:\/\/hacienda-messanges.com\/surf-et-activites\/#breadcrumb\",\"itemListElement\":[{\"@type\":\"ListItem\",\"position\":1,\"name\":\"Home\",\"item\":\"https:\/\/hacienda-messanges.com\/\"},{\"@type\":\"ListItem\",\"position\":2,\"name\":\"Activit\u00e9s\"}]},{\"@type\":\"WebSite\",\"@id\":\"https:\/\/hacienda-messanges.com\/#website\",\"url\":\"https:\/\/hacienda-messanges.com\/\",\"name\":\"Hacienda Messanges\",\"description\":\"\",\"potentialAction\":[{\"@type\":\"SearchAction\",\"target\":{\"@type\":\"EntryPoint\",\"urlTemplate\":\"https:\/\/hacienda-messanges.com\/?s={search_term_string}\"},\"query-input\":{\"@type\":\"PropertyValueSpecification\",\"valueRequired\":true,\"valueName\":\"search_term_string\"}}],\"inLanguage\":\"es\"}]}<\/script>\n<!-- \/ Yoast SEO plugin. -->","yoast_head_json":{"title":"Actividades en una casa de hu\u00e9spedes con piscina cerca de la playa","description":"Maison d'h\u00f4tes avec piscine chauff\u00e9e au coeur de la for\u00eat landaise \u00e0 500m de la v\u00e9lodys\u00e9e, au beau milieu du royaume du surf","robots":{"index":"index","follow":"follow","max-snippet":"max-snippet:-1","max-image-preview":"max-image-preview:large","max-video-preview":"max-video-preview:-1"},"canonical":"https:\/\/hacienda-messanges.com\/es\/surf-y-actividades\/","og_locale":"es_ES","og_type":"article","og_title":"Activit\u00e9s en maison d'h\u00f4tes avec piscine pr\u00e8s de la plage","og_description":"Maison d'h\u00f4tes avec piscine chauff\u00e9e au coeur de la for\u00eat landaise \u00e0 500m de la v\u00e9lodys\u00e9e, au beau milieu du royaume du surf","og_url":"https:\/\/hacienda-messanges.com\/es\/surf-y-actividades\/","og_site_name":"Hacienda Messanges","article_modified_time":"2025-11-14T13:06:34+00:00","og_image":[{"url":"https:\/\/hacienda-messanges.com\/wp-content\/uploads\/2020\/01\/sunset-beach-woman-water-111085-1024x689.jpg","type":"","width":"","height":""}],"twitter_card":"summary_large_image","twitter_misc":{"Tiempo de lectura":"3 minutos"},"schema":{"@context":"https:\/\/schema.org","@graph":[{"@type":"WebPage","@id":"https:\/\/hacienda-messanges.com\/surf-et-activites\/","url":"https:\/\/hacienda-messanges.com\/surf-et-activites\/","name":"Actividades en una casa de hu\u00e9spedes con piscina cerca de la playa","isPartOf":{"@id":"https:\/\/hacienda-messanges.com\/#website"},"primaryImageOfPage":{"@id":"https:\/\/hacienda-messanges.com\/surf-et-activites\/#primaryimage"},"image":{"@id":"https:\/\/hacienda-messanges.com\/surf-et-activites\/#primaryimage"},"thumbnailUrl":"https:\/\/hacienda-messanges.com\/wp-content\/uploads\/2020\/01\/sunset-beach-woman-water-111085-1024x689.jpg","datePublished":"2017-06-13T10:51:29+00:00","dateModified":"2025-11-14T13:06:34+00:00","description":"Maison d'h\u00f4tes avec piscine chauff\u00e9e au coeur de la for\u00eat landaise \u00e0 500m de la v\u00e9lodys\u00e9e, au beau milieu du royaume du surf","breadcrumb":{"@id":"https:\/\/hacienda-messanges.com\/surf-et-activites\/#breadcrumb"},"inLanguage":"es","potentialAction":[{"@type":"ReadAction","target":["https:\/\/hacienda-messanges.com\/surf-et-activites\/"]}]},{"@type":"ImageObject","inLanguage":"es","@id":"https:\/\/hacienda-messanges.com\/surf-et-activites\/#primaryimage","url":"https:\/\/hacienda-messanges.com\/wp-content\/uploads\/2020\/01\/sunset-beach-woman-water-111085-1024x689.jpg","contentUrl":"https:\/\/hacienda-messanges.com\/wp-content\/uploads\/2020\/01\/sunset-beach-woman-water-111085-1024x689.jpg"},{"@type":"BreadcrumbList","@id":"https:\/\/hacienda-messanges.com\/surf-et-activites\/#breadcrumb","itemListElement":[{"@type":"ListItem","position":1,"name":"Home","item":"https:\/\/hacienda-messanges.com\/"},{"@type":"ListItem","position":2,"name":"Activit\u00e9s"}]},{"@type":"WebSite","@id":"https:\/\/hacienda-messanges.com\/#website","url":"https:\/\/hacienda-messanges.com\/","name":"Hacienda Messanges","description":"","potentialAction":[{"@type":"SearchAction","target":{"@type":"EntryPoint","urlTemplate":"https:\/\/hacienda-messanges.com\/?s={search_term_string}"},"query-input":{"@type":"PropertyValueSpecification","valueRequired":true,"valueName":"search_term_string"}}],"inLanguage":"es"}]}},"_links":{"self":[{"href":"https:\/\/hacienda-messanges.com\/es\/wp-json\/wp\/v2\/pages\/50","targetHints":{"allow":["GET"]}}],"collection":[{"href":"https:\/\/hacienda-messanges.com\/es\/wp-json\/wp\/v2\/pages"}],"about":[{"href":"https:\/\/hacienda-messanges.com\/es\/wp-json\/wp\/v2\/types\/page"}],"author":[{"embeddable":true,"href":"https:\/\/hacienda-messanges.com\/es\/wp-json\/wp\/v2\/users\/1"}],"replies":[{"embeddable":true,"href":"https:\/\/hacienda-messanges.com\/es\/wp-json\/wp\/v2\/comments?post=50"}],"version-history":[{"count":93,"href":"https:\/\/hacienda-messanges.com\/es\/wp-json\/wp\/v2\/pages\/50\/revisions"}],"predecessor-version":[{"id":2177,"href":"https:\/\/hacienda-messanges.com\/es\/wp-json\/wp\/v2\/pages\/50\/revisions\/2177"}],"wp:attachment":[{"href":"https:\/\/hacienda-messanges.com\/es\/wp-json\/wp\/v2\/media?parent=50"}],"curies":[{"name":"wp","href":"https:\/\/api.w.org\/{rel}","templated":true}]}}